{"id":23,"date":"2018-06-14T16:52:52","date_gmt":"2018-06-14T19:52:52","guid":{"rendered":"http:\/\/promoalge.com.br\/?page_id=23"},"modified":"2018-06-17T19:17:18","modified_gmt":"2018-06-17T22:17:18","slug":"sobre","status":"publish","type":"page","link":"https:\/\/promoalge.com.br\/?page_id=23","title":{"rendered":"Sobre"},"content":{"rendered":"<h2 style=\"text-align: center;\"><strong>A PROMOALGE<\/strong><\/h2>\n<p><strong>A PROMOALGE e uma empresa com filosofia jovem, ousada e inovadora de Brindes corporativos.<\/strong><\/p>\n<p>Buscando sempre ser uma refer\u00eancia no mercado capixaba, temos sempre a responsabilidade de antecipar tend\u00eancias e sugerir as melhores solu\u00e7\u00f5es aos nossos clientes, tal feito s\u00f3 e poss\u00edvel devido a excelente rela\u00e7\u00e3o que mantemos juntos aos nossos fornecedores que compartilham das mesmas vis\u00f5es.<\/p>\n<p>Esta proximidade \u00e9 um tra\u00e7o marcante que visa o sucesso coletivo de fornecedores, colaboradores, clientes e amigos, todos conceituados em suas atividades.<\/p>\n<p>Acreditamos que estar rodeado por pessoas excepcionais e o melhor bem, sustent\u00e1vel e ben\u00e9fico de uma empresa. Nossa equipe de vendas e cuidadosamente selecionada e treinada para oferecer os melhores produtos e solu\u00e7\u00f5es para sua empresa.<\/p>\n<p>Nossa jornada tem sido muito gratificante e espetacular, e contamos sempre com voc\u00eas nossos clientes para que ela seja cada dia melhor.<\/p>\n","protected":false},"excerpt":{"rendered":"<p>A PROMOALGE A PROMOALGE e uma empresa com filosofia jovem, ousada e inovadora de Brindes corporativos. Buscando sempre ser uma refer\u00eancia no mercado capixaba, temos sempre a responsabilidade de antecipar tend\u00eancias e sugerir as melhores solu\u00e7\u00f5es aos nossos clientes, tal feito s\u00f3 e poss\u00edvel devido a excelente rela\u00e7\u00e3o que mantemos juntos aos nossos fornecedores que [&hellip;]<\/p>\n","protected":false},"author":1,"featured_media":0,"parent":0,"menu_order":0,"comment_status":"closed","ping_status":"closed","template":"tpl-page-fullwidth.php","meta":{"footnotes":""},"class_list":["post-23","page","type-page","status-publish","hentry"],"_links":{"self":[{"href":"https:\/\/promoalge.com.br\/index.php?rest_route=\/wp\/v2\/pages\/23","targetHints":{"allow":["GET"]}}],"collection":[{"href":"https:\/\/promoalge.com.br\/index.php?rest_route=\/wp\/v2\/pages"}],"about":[{"href":"https:\/\/promoalge.com.br\/index.php?rest_route=\/wp\/v2\/types\/page"}],"author":[{"embeddable":true,"href":"https:\/\/promoalge.com.br\/index.php?rest_route=\/wp\/v2\/users\/1"}],"replies":[{"embeddable":true,"href":"https:\/\/promoalge.com.br\/index.php?rest_route=%2Fwp%2Fv2%2Fcomments&post=23"}],"version-history":[{"count":5,"href":"https:\/\/promoalge.com.br\/index.php?rest_route=\/wp\/v2\/pages\/23\/revisions"}],"predecessor-version":[{"id":720,"href":"https:\/\/promoalge.com.br\/index.php?rest_route=\/wp\/v2\/pages\/23\/revisions\/720"}],"wp:attachment":[{"href":"https:\/\/promoalge.com.br\/index.php?rest_route=%2Fwp%2Fv2%2Fmedia&parent=23"}],"curies":[{"name":"wp","href":"https:\/\/api.w.org\/{rel}","templated":true}]}}