{"id":10010,"date":"2025-04-01T17:23:42","date_gmt":"2025-04-01T20:23:42","guid":{"rendered":"https:\/\/promoalge.com.br\/?post_type=product&#038;p=10010"},"modified":"2025-04-08T17:54:16","modified_gmt":"2025-04-08T20:54:16","slug":"garrafa-aluminio-630ml-pr-07047","status":"publish","type":"product","link":"https:\/\/promoalge.com.br\/?product=garrafa-aluminio-630ml-pr-07047","title":{"rendered":"Garrafa Alum\u00ednio 630ml &#8211; PR 07047"},"content":{"rendered":"","protected":false},"excerpt":{"rendered":"<p>Descri\u00e7\u00e3o: Garrafa de alum\u00ednio 630ml. Possui tampa pl\u00e1stica rosque\u00e1vel com al\u00e7a integrada.<\/p>\n<p>Altura :  24,7 cm<\/p>\n<p>Largura :  6,6 cm<\/p>\n<p>Circunfer\u00eancia :  20,8 cm<\/p>\n<p>Quantidade minima de 50 unidades<\/p>\n","protected":false},"featured_media":10011,"template":"","meta":[],"product_brand":[],"product_cat":[237],"product_tag":[],"class_list":{"0":"post-10010","1":"product","2":"type-product","3":"status-publish","4":"has-post-thumbnail","6":"product_cat-metalicas","8":"first","9":"instock","10":"shipping-taxable","11":"product-type-simple"},"_links":{"self":[{"href":"https:\/\/promoalge.com.br\/index.php?rest_route=\/wp\/v2\/product\/10010","targetHints":{"allow":["GET"]}}],"collection":[{"href":"https:\/\/promoalge.com.br\/index.php?rest_route=\/wp\/v2\/product"}],"about":[{"href":"https:\/\/promoalge.com.br\/index.php?rest_route=\/wp\/v2\/types\/product"}],"wp:featuredmedia":[{"embeddable":true,"href":"https:\/\/promoalge.com.br\/index.php?rest_route=\/wp\/v2\/media\/10011"}],"wp:attachment":[{"href":"https:\/\/promoalge.com.br\/index.php?rest_route=%2Fwp%2Fv2%2Fmedia&parent=10010"}],"wp:term":[{"taxonomy":"product_brand","embeddable":true,"href":"https:\/\/promoalge.com.br\/index.php?rest_route=%2Fwp%2Fv2%2Fproduct_brand&post=10010"},{"taxonomy":"product_cat","embeddable":true,"href":"https:\/\/promoalge.com.br\/index.php?rest_route=%2Fwp%2Fv2%2Fproduct_cat&post=10010"},{"taxonomy":"product_tag","embeddable":true,"href":"https:\/\/promoalge.com.br\/index.php?rest_route=%2Fwp%2Fv2%2Fproduct_tag&post=10010"}],"curies":[{"name":"wp","href":"https:\/\/api.w.org\/{rel}","templated":true}]}}