{"id":10016,"date":"2025-04-01T17:27:51","date_gmt":"2025-04-01T20:27:51","guid":{"rendered":"https:\/\/promoalge.com.br\/?post_type=product&#038;p=10016"},"modified":"2025-04-08T17:53:56","modified_gmt":"2025-04-08T20:53:56","slug":"base-de-carregamento-com-suporte-celular-e-luminaria-pr-08000","status":"publish","type":"product","link":"https:\/\/promoalge.com.br\/?product=base-de-carregamento-com-suporte-celular-e-luminaria-pr-08000","title":{"rendered":"Base de Carregamento com Suporte Celular e Lumin\u00e1ria &#8211; PR 08000"},"content":{"rendered":"","protected":false},"excerpt":{"rendered":"<p>Descri\u00e7\u00e3o: Com op\u00e7\u00f5es de carregamento via indu\u00e7\u00e3o ou via cabo, nossa base \u00e9 pr\u00e1tica e funcional. Produzida em pl\u00e1stico com apoios antideslizantes, a base possui duas entradas Tipo-C, uma entrada USB e uma sa\u00edda Tipo-C. Acompanha um cabo USB Tipo-C.<\/p>\n<p>Obs.: O carregador apenas transfere carga, ele n\u00e3o possui bateria para armazenamento (n\u00e3o \u00e9 um power bank).<\/p>\n<p>Altura :  26,2 cm<\/p>\n<p>Largura :  12,2 cm<\/p>\n<p>Espessura :  base: 2,6 cm<\/p>\n<p>Comprimento :  12 cm<\/p>\n<p>Quantidade m\u00ednima de 50 unidades.<\/p>\n","protected":false},"featured_media":10017,"template":"","meta":[],"product_brand":[],"product_cat":[417],"product_tag":[],"class_list":{"0":"post-10016","1":"product","2":"type-product","3":"status-publish","4":"has-post-thumbnail","6":"product_cat-pendrive-tecnologia","8":"first","9":"instock","10":"shipping-taxable","11":"product-type-simple"},"_links":{"self":[{"href":"https:\/\/promoalge.com.br\/index.php?rest_route=\/wp\/v2\/product\/10016","targetHints":{"allow":["GET"]}}],"collection":[{"href":"https:\/\/promoalge.com.br\/index.php?rest_route=\/wp\/v2\/product"}],"about":[{"href":"https:\/\/promoalge.com.br\/index.php?rest_route=\/wp\/v2\/types\/product"}],"wp:featuredmedia":[{"embeddable":true,"href":"https:\/\/promoalge.com.br\/index.php?rest_route=\/wp\/v2\/media\/10017"}],"wp:attachment":[{"href":"https:\/\/promoalge.com.br\/index.php?rest_route=%2Fwp%2Fv2%2Fmedia&parent=10016"}],"wp:term":[{"taxonomy":"product_brand","embeddable":true,"href":"https:\/\/promoalge.com.br\/index.php?rest_route=%2Fwp%2Fv2%2Fproduct_brand&post=10016"},{"taxonomy":"product_cat","embeddable":true,"href":"https:\/\/promoalge.com.br\/index.php?rest_route=%2Fwp%2Fv2%2Fproduct_cat&post=10016"},{"taxonomy":"product_tag","embeddable":true,"href":"https:\/\/promoalge.com.br\/index.php?rest_route=%2Fwp%2Fv2%2Fproduct_tag&post=10016"}],"curies":[{"name":"wp","href":"https:\/\/api.w.org\/{rel}","templated":true}]}}