{"id":10037,"date":"2025-04-03T13:44:34","date_gmt":"2025-04-03T16:44:34","guid":{"rendered":"https:\/\/promoalge.com.br\/?post_type=product&#038;p=10037"},"modified":"2025-04-03T13:44:34","modified_gmt":"2025-04-03T16:44:34","slug":"espelho-de-aco-inox-pr-06059","status":"publish","type":"product","link":"https:\/\/promoalge.com.br\/?product=espelho-de-aco-inox-pr-06059","title":{"rendered":"Espelho de A\u00e7o Inox &#8211; PR 06059"},"content":{"rendered":"","protected":false},"excerpt":{"rendered":"<p>Descri\u00e7\u00e3o: Espelho inquebr\u00e1vel de a\u00e7o inoxid\u00e1vel com design ultrafino, resist\u00eancia e durabilidade inigual\u00e1veis. Com acabamento polido altamente reflexivo e verso escovado, o espelho \u00e9 acompanhado por uma capa em couro sint\u00e9tico para prote\u00e7\u00e3o e um toque de sofistica\u00e7\u00e3o ao produto.<\/p>\n<p>Altura :  9,4 cm<\/p>\n<p>Largura :  5,3 cm<\/p>\n<p>Espessura :  0,1 cm<\/p>\n<p>Quantidade m\u00ednima de 50 unidades.<\/p>\n","protected":false},"featured_media":10038,"template":"","meta":[],"product_brand":[],"product_cat":[413],"product_tag":[],"class_list":{"0":"post-10037","1":"product","2":"type-product","3":"status-publish","4":"has-post-thumbnail","6":"product_cat-linha-feminina","8":"first","9":"instock","10":"shipping-taxable","11":"product-type-simple"},"_links":{"self":[{"href":"https:\/\/promoalge.com.br\/index.php?rest_route=\/wp\/v2\/product\/10037","targetHints":{"allow":["GET"]}}],"collection":[{"href":"https:\/\/promoalge.com.br\/index.php?rest_route=\/wp\/v2\/product"}],"about":[{"href":"https:\/\/promoalge.com.br\/index.php?rest_route=\/wp\/v2\/types\/product"}],"wp:featuredmedia":[{"embeddable":true,"href":"https:\/\/promoalge.com.br\/index.php?rest_route=\/wp\/v2\/media\/10038"}],"wp:attachment":[{"href":"https:\/\/promoalge.com.br\/index.php?rest_route=%2Fwp%2Fv2%2Fmedia&parent=10037"}],"wp:term":[{"taxonomy":"product_brand","embeddable":true,"href":"https:\/\/promoalge.com.br\/index.php?rest_route=%2Fwp%2Fv2%2Fproduct_brand&post=10037"},{"taxonomy":"product_cat","embeddable":true,"href":"https:\/\/promoalge.com.br\/index.php?rest_route=%2Fwp%2Fv2%2Fproduct_cat&post=10037"},{"taxonomy":"product_tag","embeddable":true,"href":"https:\/\/promoalge.com.br\/index.php?rest_route=%2Fwp%2Fv2%2Fproduct_tag&post=10037"}],"curies":[{"name":"wp","href":"https:\/\/api.w.org\/{rel}","templated":true}]}}