{"id":10039,"date":"2025-04-03T13:50:41","date_gmt":"2025-04-03T16:50:41","guid":{"rendered":"https:\/\/promoalge.com.br\/?post_type=product&#038;p=10039"},"modified":"2025-04-03T13:50:41","modified_gmt":"2025-04-03T16:50:41","slug":"guarda-chuva-automatico-pr-06063","status":"publish","type":"product","link":"https:\/\/promoalge.com.br\/?product=guarda-chuva-automatico-pr-06063","title":{"rendered":"Guarda-chuva Autom\u00e1tico &#8211; PR 06063"},"content":{"rendered":"","protected":false},"excerpt":{"rendered":"<p>Descri\u00e7\u00e3o: Guarda-chuva com abertura autom\u00e1tica, estrutura em a\u00e7o e 8 varetas em fibra de vidro. Possui pegador de madeira com al\u00e7a de nylon e bot\u00e3o de acionamento.<\/p>\n<p>Largura :  4 cm<\/p>\n<p>Circunfer\u00eancia :  Di\u00e2metro: 104 cm<\/p>\n<p>Comprimento :  84 cm<\/p>\n<p>Quantidade m\u00ednima de 50 unidades.<\/p>\n","protected":false},"featured_media":10040,"template":"","meta":[],"product_brand":[],"product_cat":[353],"product_tag":[],"class_list":{"0":"post-10039","1":"product","2":"type-product","3":"status-publish","4":"has-post-thumbnail","6":"product_cat-diversos","8":"first","9":"instock","10":"shipping-taxable","11":"product-type-simple"},"_links":{"self":[{"href":"https:\/\/promoalge.com.br\/index.php?rest_route=\/wp\/v2\/product\/10039","targetHints":{"allow":["GET"]}}],"collection":[{"href":"https:\/\/promoalge.com.br\/index.php?rest_route=\/wp\/v2\/product"}],"about":[{"href":"https:\/\/promoalge.com.br\/index.php?rest_route=\/wp\/v2\/types\/product"}],"wp:featuredmedia":[{"embeddable":true,"href":"https:\/\/promoalge.com.br\/index.php?rest_route=\/wp\/v2\/media\/10040"}],"wp:attachment":[{"href":"https:\/\/promoalge.com.br\/index.php?rest_route=%2Fwp%2Fv2%2Fmedia&parent=10039"}],"wp:term":[{"taxonomy":"product_brand","embeddable":true,"href":"https:\/\/promoalge.com.br\/index.php?rest_route=%2Fwp%2Fv2%2Fproduct_brand&post=10039"},{"taxonomy":"product_cat","embeddable":true,"href":"https:\/\/promoalge.com.br\/index.php?rest_route=%2Fwp%2Fv2%2Fproduct_cat&post=10039"},{"taxonomy":"product_tag","embeddable":true,"href":"https:\/\/promoalge.com.br\/index.php?rest_route=%2Fwp%2Fv2%2Fproduct_tag&post=10039"}],"curies":[{"name":"wp","href":"https:\/\/api.w.org\/{rel}","templated":true}]}}