{"id":1007,"date":"2018-07-09T14:48:25","date_gmt":"2018-07-09T17:48:25","guid":{"rendered":"http:\/\/promoalge.com.br\/?post_type=product&#038;p=1007"},"modified":"2018-07-09T14:48:26","modified_gmt":"2018-07-09T17:48:26","slug":"chaveiro-metalico-ch00250-4419","status":"publish","type":"product","link":"https:\/\/promoalge.com.br\/?product=chaveiro-metalico-ch00250-4419","title":{"rendered":"Chaveiro Met\u00e1lico &#8211; CH00250-4419"},"content":{"rendered":"","protected":false},"excerpt":{"rendered":"<p>Chaveiro metal retangular girat\u00f3rio, parte central lisa fosca frente e verso, medidas 7,4 cm x 3 cm. Grava\u00e7\u00e3o a laser.<\/p>\n","protected":false},"featured_media":1008,"template":"","meta":[],"product_brand":[],"product_cat":[406],"product_tag":[],"class_list":{"0":"post-1007","1":"product","2":"type-product","3":"status-publish","4":"has-post-thumbnail","6":"product_cat-chaveiros","8":"first","9":"instock","10":"shipping-taxable","11":"product-type-simple"},"_links":{"self":[{"href":"https:\/\/promoalge.com.br\/index.php?rest_route=\/wp\/v2\/product\/1007","targetHints":{"allow":["GET"]}}],"collection":[{"href":"https:\/\/promoalge.com.br\/index.php?rest_route=\/wp\/v2\/product"}],"about":[{"href":"https:\/\/promoalge.com.br\/index.php?rest_route=\/wp\/v2\/types\/product"}],"wp:featuredmedia":[{"embeddable":true,"href":"https:\/\/promoalge.com.br\/index.php?rest_route=\/wp\/v2\/media\/1008"}],"wp:attachment":[{"href":"https:\/\/promoalge.com.br\/index.php?rest_route=%2Fwp%2Fv2%2Fmedia&parent=1007"}],"wp:term":[{"taxonomy":"product_brand","embeddable":true,"href":"https:\/\/promoalge.com.br\/index.php?rest_route=%2Fwp%2Fv2%2Fproduct_brand&post=1007"},{"taxonomy":"product_cat","embeddable":true,"href":"https:\/\/promoalge.com.br\/index.php?rest_route=%2Fwp%2Fv2%2Fproduct_cat&post=1007"},{"taxonomy":"product_tag","embeddable":true,"href":"https:\/\/promoalge.com.br\/index.php?rest_route=%2Fwp%2Fv2%2Fproduct_tag&post=1007"}],"curies":[{"name":"wp","href":"https:\/\/api.w.org\/{rel}","templated":true}]}}