{"id":10169,"date":"2025-04-15T11:34:08","date_gmt":"2025-04-15T14:34:08","guid":{"rendered":"https:\/\/promoalge.com.br\/?post_type=product&#038;p=10169"},"modified":"2025-08-07T17:22:09","modified_gmt":"2025-08-07T20:22:09","slug":"garrafa-termica-12-l-pr8198","status":"publish","type":"product","link":"https:\/\/promoalge.com.br\/?product=garrafa-termica-12-l-pr8198","title":{"rendered":"Garrafa T\u00e9rmica 1,2 L &#8211; PR8198"},"content":{"rendered":"","protected":false},"excerpt":{"rendered":"<p>Garrafa t\u00e9rmica inox de capacidade de at\u00e9 1,2 Litro. A pintura eletrost\u00e1tica garante uma cor duradoura e acabamento de maior qualidade. Sua parede dupla e isolamento a v\u00e1cuo mant\u00e9m o l\u00edquido conservado por mais tempo, al\u00e9m de evitar vazamentos. A garrafa conta com uma tampa rosque\u00e1vel e uma al\u00e7a circular magn\u00e9tica, compat\u00edvel com smartphones iPhone da Apple.<\/p>\n<p>Altura :  30 cm;<br \/>\nLargura :  9 cm;<br \/>\nCircunfer\u00eancia :  28,5 cm;<\/p>\n<p>Grava\u00e7\u00e3o a laser.<\/p>\n<p>* M\u00ednimo 50 unidades.<\/p>\n","protected":false},"featured_media":10170,"template":"","meta":[],"product_brand":[],"product_cat":[237],"product_tag":[],"class_list":{"0":"post-10169","1":"product","2":"type-product","3":"status-publish","4":"has-post-thumbnail","6":"product_cat-metalicas","8":"first","9":"instock","10":"shipping-taxable","11":"product-type-simple"},"_links":{"self":[{"href":"https:\/\/promoalge.com.br\/index.php?rest_route=\/wp\/v2\/product\/10169","targetHints":{"allow":["GET"]}}],"collection":[{"href":"https:\/\/promoalge.com.br\/index.php?rest_route=\/wp\/v2\/product"}],"about":[{"href":"https:\/\/promoalge.com.br\/index.php?rest_route=\/wp\/v2\/types\/product"}],"wp:featuredmedia":[{"embeddable":true,"href":"https:\/\/promoalge.com.br\/index.php?rest_route=\/wp\/v2\/media\/10170"}],"wp:attachment":[{"href":"https:\/\/promoalge.com.br\/index.php?rest_route=%2Fwp%2Fv2%2Fmedia&parent=10169"}],"wp:term":[{"taxonomy":"product_brand","embeddable":true,"href":"https:\/\/promoalge.com.br\/index.php?rest_route=%2Fwp%2Fv2%2Fproduct_brand&post=10169"},{"taxonomy":"product_cat","embeddable":true,"href":"https:\/\/promoalge.com.br\/index.php?rest_route=%2Fwp%2Fv2%2Fproduct_cat&post=10169"},{"taxonomy":"product_tag","embeddable":true,"href":"https:\/\/promoalge.com.br\/index.php?rest_route=%2Fwp%2Fv2%2Fproduct_tag&post=10169"}],"curies":[{"name":"wp","href":"https:\/\/api.w.org\/{rel}","templated":true}]}}