{"id":10189,"date":"2025-05-27T13:54:54","date_gmt":"2025-05-27T16:54:54","guid":{"rendered":"https:\/\/promoalge.com.br\/?post_type=product&#038;p=10189"},"modified":"2025-05-27T13:54:54","modified_gmt":"2025-05-27T16:54:54","slug":"kit-estojo-com-caneta-plastico-pr-kit15040","status":"publish","type":"product","link":"https:\/\/promoalge.com.br\/?product=kit-estojo-com-caneta-plastico-pr-kit15040","title":{"rendered":"Kit Estojo Com Caneta Pl\u00e1stico &#8211; PR KIT15040"},"content":{"rendered":"","protected":false},"excerpt":{"rendered":"<p>Descri\u00e7\u00e3o: Um kit de estojo e caneta sob medida para se encaixar em qualquer rotina de trabalho ou estudos. O estojo de f\u00e1cil abertura cont\u00e9m uma r\u00e9gua de 15 cm integrada \u00e0 sua parte externa, ideal para tirar medidas no dia a dia. A caneta possui carga esferogr\u00e1fica azul de 1,0 mm e acionamento por clique, al\u00e9m de contar com grip emborrachado para deixar a escrita mais suave e precisa.<\/p>\n<p>Largura :  3,2 cm<\/p>\n<p>Circunfer\u00eancia :  8,5 cm<\/p>\n<p>Comprimento :  15,5 cm<\/p>\n<p>Quantidade m\u00ednima de 50 unidades.<\/p>\n","protected":false},"featured_media":10190,"template":"","meta":[],"product_brand":[],"product_cat":[409],"product_tag":[],"class_list":{"0":"post-10189","1":"product","2":"type-product","3":"status-publish","4":"has-post-thumbnail","6":"product_cat-escritorio","8":"first","9":"instock","10":"shipping-taxable","11":"product-type-simple"},"_links":{"self":[{"href":"https:\/\/promoalge.com.br\/index.php?rest_route=\/wp\/v2\/product\/10189","targetHints":{"allow":["GET"]}}],"collection":[{"href":"https:\/\/promoalge.com.br\/index.php?rest_route=\/wp\/v2\/product"}],"about":[{"href":"https:\/\/promoalge.com.br\/index.php?rest_route=\/wp\/v2\/types\/product"}],"wp:featuredmedia":[{"embeddable":true,"href":"https:\/\/promoalge.com.br\/index.php?rest_route=\/wp\/v2\/media\/10190"}],"wp:attachment":[{"href":"https:\/\/promoalge.com.br\/index.php?rest_route=%2Fwp%2Fv2%2Fmedia&parent=10189"}],"wp:term":[{"taxonomy":"product_brand","embeddable":true,"href":"https:\/\/promoalge.com.br\/index.php?rest_route=%2Fwp%2Fv2%2Fproduct_brand&post=10189"},{"taxonomy":"product_cat","embeddable":true,"href":"https:\/\/promoalge.com.br\/index.php?rest_route=%2Fwp%2Fv2%2Fproduct_cat&post=10189"},{"taxonomy":"product_tag","embeddable":true,"href":"https:\/\/promoalge.com.br\/index.php?rest_route=%2Fwp%2Fv2%2Fproduct_tag&post=10189"}],"curies":[{"name":"wp","href":"https:\/\/api.w.org\/{rel}","templated":true}]}}