{"id":10192,"date":"2025-05-27T14:00:33","date_gmt":"2025-05-27T17:00:33","guid":{"rendered":"https:\/\/promoalge.com.br\/?post_type=product&#038;p=10192"},"modified":"2025-05-27T14:00:33","modified_gmt":"2025-05-27T17:00:33","slug":"marmita-dupla-plastica-pr-18947","status":"publish","type":"product","link":"https:\/\/promoalge.com.br\/?product=marmita-dupla-plastica-pr-18947","title":{"rendered":"Marmita Dupla Pl\u00e1stica &#8211; PR 18947"},"content":{"rendered":"","protected":false},"excerpt":{"rendered":"<p>Descri\u00e7\u00e3o: Uma marmita dupla na medida certa para deixar a rotina mais organizadas. Fabricada em pl\u00e1stico polipropileno (PP), ela apresenta dois potes com encaixe vertical e capacidade m\u00e1xima combinada de 750 ml, ideal para separar e acomodar diversos tipos de refei\u00e7\u00f5es. Sua tampa herm\u00e9tica em pl\u00e1stico poliestireno (PS) conta com travas laterais garante que os alimentos mantenham a temperatura por mais tempo ap\u00f3s esquentados. Al\u00e9m disso, a marmita acompanha garfo, faca e colher em pl\u00e1stico para deixar este conjunto ainda mais completo.<\/p>\n<p>Altura :  8,5 cm<\/p>\n<p>Largura :  8 cm<\/p>\n<p>Comprimento :  18,5 cm<\/p>\n<p>Quantidade m\u00ednima de 50 unidades.<\/p>\n","protected":false},"featured_media":10193,"template":"","meta":[],"product_brand":[],"product_cat":[353],"product_tag":[],"class_list":{"0":"post-10192","1":"product","2":"type-product","3":"status-publish","4":"has-post-thumbnail","6":"product_cat-diversos","8":"first","9":"instock","10":"shipping-taxable","11":"product-type-simple"},"_links":{"self":[{"href":"https:\/\/promoalge.com.br\/index.php?rest_route=\/wp\/v2\/product\/10192","targetHints":{"allow":["GET"]}}],"collection":[{"href":"https:\/\/promoalge.com.br\/index.php?rest_route=\/wp\/v2\/product"}],"about":[{"href":"https:\/\/promoalge.com.br\/index.php?rest_route=\/wp\/v2\/types\/product"}],"wp:featuredmedia":[{"embeddable":true,"href":"https:\/\/promoalge.com.br\/index.php?rest_route=\/wp\/v2\/media\/10193"}],"wp:attachment":[{"href":"https:\/\/promoalge.com.br\/index.php?rest_route=%2Fwp%2Fv2%2Fmedia&parent=10192"}],"wp:term":[{"taxonomy":"product_brand","embeddable":true,"href":"https:\/\/promoalge.com.br\/index.php?rest_route=%2Fwp%2Fv2%2Fproduct_brand&post=10192"},{"taxonomy":"product_cat","embeddable":true,"href":"https:\/\/promoalge.com.br\/index.php?rest_route=%2Fwp%2Fv2%2Fproduct_cat&post=10192"},{"taxonomy":"product_tag","embeddable":true,"href":"https:\/\/promoalge.com.br\/index.php?rest_route=%2Fwp%2Fv2%2Fproduct_tag&post=10192"}],"curies":[{"name":"wp","href":"https:\/\/api.w.org\/{rel}","templated":true}]}}