{"id":10194,"date":"2025-05-27T14:03:37","date_gmt":"2025-05-27T17:03:37","guid":{"rendered":"https:\/\/promoalge.com.br\/?post_type=product&#038;p=10194"},"modified":"2025-05-27T14:03:37","modified_gmt":"2025-05-27T17:03:37","slug":"relogio-despertador-led-pr-18943","status":"publish","type":"product","link":"https:\/\/promoalge.com.br\/?product=relogio-despertador-led-pr-18943","title":{"rendered":"Rel\u00f3gio Despertador LED &#8211; PR 18943"},"content":{"rendered":"","protected":false},"excerpt":{"rendered":"<p>Descri\u00e7\u00e3o: Este rel\u00f3gio despertador de bambu e pl\u00e1stico com painel de LED faz a elegante uni\u00e3o entre tecnologia aplicada ao design requintado tornar-se realidade em um \u00fanico aparelho. Atrav\u00e9s dele \u00e9 poss\u00edvel visualizar a hora certa e outras informa\u00e7\u00f5es, como data e temperatura ambiente. Apresenta op\u00e7\u00e3o de programa\u00e7\u00e3o de alarme, oferecendo a possibilidade de ajustar a frequ\u00eancia sonora e dos dias de acionamento, tornando-o um excelente aliado para planejar uma rotina. Tamb\u00e9m \u00e9 poss\u00edvel selecionar, em at\u00e9 3 n\u00edveis diferentes, a luminosidade das informa\u00e7\u00f5es do display. Al\u00e9m disso, o rel\u00f3gio despertador pode ser ligado atrav\u00e9s de 1 pilha AAA (n\u00e3o acompanham o produto) ou via cabo USB DC de 5V que acompanha o dispositivo.<\/p>\n<p>Altura :  6,5 cm<\/p>\n<p>Profundidade :  4,5 cm<\/p>\n<p>Comprimento :  15,5 cm<\/p>\n<p>Quantidade m\u00ednima de 50 unidades.<\/p>\n","protected":false},"featured_media":10196,"template":"","meta":[],"product_brand":[],"product_cat":[417],"product_tag":[],"class_list":{"0":"post-10194","1":"product","2":"type-product","3":"status-publish","4":"has-post-thumbnail","6":"product_cat-pendrive-tecnologia","8":"first","9":"instock","10":"shipping-taxable","11":"product-type-simple"},"_links":{"self":[{"href":"https:\/\/promoalge.com.br\/index.php?rest_route=\/wp\/v2\/product\/10194","targetHints":{"allow":["GET"]}}],"collection":[{"href":"https:\/\/promoalge.com.br\/index.php?rest_route=\/wp\/v2\/product"}],"about":[{"href":"https:\/\/promoalge.com.br\/index.php?rest_route=\/wp\/v2\/types\/product"}],"wp:featuredmedia":[{"embeddable":true,"href":"https:\/\/promoalge.com.br\/index.php?rest_route=\/wp\/v2\/media\/10196"}],"wp:attachment":[{"href":"https:\/\/promoalge.com.br\/index.php?rest_route=%2Fwp%2Fv2%2Fmedia&parent=10194"}],"wp:term":[{"taxonomy":"product_brand","embeddable":true,"href":"https:\/\/promoalge.com.br\/index.php?rest_route=%2Fwp%2Fv2%2Fproduct_brand&post=10194"},{"taxonomy":"product_cat","embeddable":true,"href":"https:\/\/promoalge.com.br\/index.php?rest_route=%2Fwp%2Fv2%2Fproduct_cat&post=10194"},{"taxonomy":"product_tag","embeddable":true,"href":"https:\/\/promoalge.com.br\/index.php?rest_route=%2Fwp%2Fv2%2Fproduct_tag&post=10194"}],"curies":[{"name":"wp","href":"https:\/\/api.w.org\/{rel}","templated":true}]}}