{"id":10197,"date":"2025-05-27T14:08:28","date_gmt":"2025-05-27T17:08:28","guid":{"rendered":"https:\/\/promoalge.com.br\/?post_type=product&#038;p=10197"},"modified":"2025-05-27T14:08:28","modified_gmt":"2025-05-27T17:08:28","slug":"garrafa-de-aluminio-800ml-pr-18940","status":"publish","type":"product","link":"https:\/\/promoalge.com.br\/?product=garrafa-de-aluminio-800ml-pr-18940","title":{"rendered":"Garrafa de Alum\u00ednio 800ml &#8211; PR 18940"},"content":{"rendered":"","protected":false},"excerpt":{"rendered":"<p>Descri\u00e7\u00e3o: Garrafa de alum\u00ednio com capacidade de at\u00e9 800ml. Feita com material de alta resist\u00eancia, \u00e9 uma op\u00e7\u00e3o pr\u00e1tica para o dia a dia. Al\u00e9m disso, possui tampa rosque\u00e1vel de bambu com uma al\u00e7a de corda do mesmo material para facilitar o transporte.<\/p>\n<p>Altura :  23,5 cm<\/p>\n<p>Largura :  7 cm<\/p>\n<p>Circunfer\u00eancia :  23 cm<\/p>\n<p>Quantidade m\u00ednima de 50 unidades.<\/p>\n","protected":false},"featured_media":10198,"template":"","meta":[],"product_brand":[],"product_cat":[237],"product_tag":[],"class_list":{"0":"post-10197","1":"product","2":"type-product","3":"status-publish","4":"has-post-thumbnail","6":"product_cat-metalicas","8":"first","9":"instock","10":"shipping-taxable","11":"product-type-simple"},"_links":{"self":[{"href":"https:\/\/promoalge.com.br\/index.php?rest_route=\/wp\/v2\/product\/10197","targetHints":{"allow":["GET"]}}],"collection":[{"href":"https:\/\/promoalge.com.br\/index.php?rest_route=\/wp\/v2\/product"}],"about":[{"href":"https:\/\/promoalge.com.br\/index.php?rest_route=\/wp\/v2\/types\/product"}],"wp:featuredmedia":[{"embeddable":true,"href":"https:\/\/promoalge.com.br\/index.php?rest_route=\/wp\/v2\/media\/10198"}],"wp:attachment":[{"href":"https:\/\/promoalge.com.br\/index.php?rest_route=%2Fwp%2Fv2%2Fmedia&parent=10197"}],"wp:term":[{"taxonomy":"product_brand","embeddable":true,"href":"https:\/\/promoalge.com.br\/index.php?rest_route=%2Fwp%2Fv2%2Fproduct_brand&post=10197"},{"taxonomy":"product_cat","embeddable":true,"href":"https:\/\/promoalge.com.br\/index.php?rest_route=%2Fwp%2Fv2%2Fproduct_cat&post=10197"},{"taxonomy":"product_tag","embeddable":true,"href":"https:\/\/promoalge.com.br\/index.php?rest_route=%2Fwp%2Fv2%2Fproduct_tag&post=10197"}],"curies":[{"name":"wp","href":"https:\/\/api.w.org\/{rel}","templated":true}]}}