{"id":10199,"date":"2025-05-27T14:16:30","date_gmt":"2025-05-27T17:16:30","guid":{"rendered":"https:\/\/promoalge.com.br\/?post_type=product&#038;p=10199"},"modified":"2025-08-07T17:21:10","modified_gmt":"2025-08-07T20:21:10","slug":"garrafa-inox-750ml-pr-18939","status":"publish","type":"product","link":"https:\/\/promoalge.com.br\/?product=garrafa-inox-750ml-pr-18939","title":{"rendered":"Garrafa Inox 750ml &#8211; PR 18939"},"content":{"rendered":"","protected":false},"excerpt":{"rendered":"<p>Descri\u00e7\u00e3o: Uma garrafa leve e pr\u00e1tica que tamb\u00e9m combina com todos os ambientes. Com capacidade de at\u00e9 750ml, esta garrafa inox conta com uma pintura eletrost\u00e1tica, que garante uma cor duradoura e acabamento de maior qualidade e resist\u00eancia. Sua tampa de pl\u00e1stico \u00e9 rosque\u00e1vel e conta com uma prote\u00e7\u00e3o no bocal e uma al\u00e7a flex\u00edvel, unindo cuidado e agilidade para o dia a dia.<\/p>\n<p>Altura :  24 cm<\/p>\n<p>Circunfer\u00eancia :  23 cm<\/p>\n<p>Comprimento :  7,5 cm <\/p>\n<p>Quantidade minima de 50 unidades.<\/p>\n","protected":false},"featured_media":10200,"template":"","meta":[],"product_brand":[],"product_cat":[237],"product_tag":[],"class_list":{"0":"post-10199","1":"product","2":"type-product","3":"status-publish","4":"has-post-thumbnail","6":"product_cat-metalicas","8":"first","9":"instock","10":"shipping-taxable","11":"product-type-simple"},"_links":{"self":[{"href":"https:\/\/promoalge.com.br\/index.php?rest_route=\/wp\/v2\/product\/10199","targetHints":{"allow":["GET"]}}],"collection":[{"href":"https:\/\/promoalge.com.br\/index.php?rest_route=\/wp\/v2\/product"}],"about":[{"href":"https:\/\/promoalge.com.br\/index.php?rest_route=\/wp\/v2\/types\/product"}],"wp:featuredmedia":[{"embeddable":true,"href":"https:\/\/promoalge.com.br\/index.php?rest_route=\/wp\/v2\/media\/10200"}],"wp:attachment":[{"href":"https:\/\/promoalge.com.br\/index.php?rest_route=%2Fwp%2Fv2%2Fmedia&parent=10199"}],"wp:term":[{"taxonomy":"product_brand","embeddable":true,"href":"https:\/\/promoalge.com.br\/index.php?rest_route=%2Fwp%2Fv2%2Fproduct_brand&post=10199"},{"taxonomy":"product_cat","embeddable":true,"href":"https:\/\/promoalge.com.br\/index.php?rest_route=%2Fwp%2Fv2%2Fproduct_cat&post=10199"},{"taxonomy":"product_tag","embeddable":true,"href":"https:\/\/promoalge.com.br\/index.php?rest_route=%2Fwp%2Fv2%2Fproduct_tag&post=10199"}],"curies":[{"name":"wp","href":"https:\/\/api.w.org\/{rel}","templated":true}]}}