{"id":10202,"date":"2025-05-27T14:19:47","date_gmt":"2025-05-27T17:19:47","guid":{"rendered":"https:\/\/promoalge.com.br\/?post_type=product&#038;p=10202"},"modified":"2025-07-03T13:49:42","modified_gmt":"2025-07-03T16:49:42","slug":"caderno-ecologico-com-caneta-pr-18937","status":"publish","type":"product","link":"https:\/\/promoalge.com.br\/?product=caderno-ecologico-com-caneta-pr-18937","title":{"rendered":"Caderno Ecol\u00f3gico com Caneta &#8211; PR 18937"},"content":{"rendered":"","protected":false},"excerpt":{"rendered":"<p>Descri\u00e7\u00e3o: Um caderno feito para quem deseja anotar ideias e projetos sem abandonar a preocupa\u00e7\u00e3o com o meio ambiente. Com capa feita em casca de bambu e faixa vertical colorida, ele conta tamb\u00e9m com encaderna\u00e7\u00e3o Wire-O e aproximadamente 70 folhas amareladas pautadas. Al\u00e9m disso, o caderno acompanha uma caneta esferogr\u00e1fica de carga azul de 0,8 mm com corpo em papel\u00e3o e clip, acionamento em clique e ponteira em pl\u00e1stico. A capa cont\u00e9m um el\u00e1stico para abrigar a caneta junto ao caderno.<\/p>\n<p>Largura :  10,5 cm<\/p>\n<p>Espessura :  1 cm<\/p>\n<p>Comprimento :  13,5 cm <\/p>\n<p>Quantidade m\u00ednima de 50 unidades.<\/p>\n","protected":false},"featured_media":10203,"template":"","meta":[],"product_brand":[],"product_cat":[409,321],"product_tag":[],"class_list":{"0":"post-10202","1":"product","2":"type-product","3":"status-publish","4":"has-post-thumbnail","6":"product_cat-escritorio","7":"product_cat-linha-ecologica","9":"first","10":"instock","11":"shipping-taxable","12":"product-type-simple"},"_links":{"self":[{"href":"https:\/\/promoalge.com.br\/index.php?rest_route=\/wp\/v2\/product\/10202","targetHints":{"allow":["GET"]}}],"collection":[{"href":"https:\/\/promoalge.com.br\/index.php?rest_route=\/wp\/v2\/product"}],"about":[{"href":"https:\/\/promoalge.com.br\/index.php?rest_route=\/wp\/v2\/types\/product"}],"wp:featuredmedia":[{"embeddable":true,"href":"https:\/\/promoalge.com.br\/index.php?rest_route=\/wp\/v2\/media\/10203"}],"wp:attachment":[{"href":"https:\/\/promoalge.com.br\/index.php?rest_route=%2Fwp%2Fv2%2Fmedia&parent=10202"}],"wp:term":[{"taxonomy":"product_brand","embeddable":true,"href":"https:\/\/promoalge.com.br\/index.php?rest_route=%2Fwp%2Fv2%2Fproduct_brand&post=10202"},{"taxonomy":"product_cat","embeddable":true,"href":"https:\/\/promoalge.com.br\/index.php?rest_route=%2Fwp%2Fv2%2Fproduct_cat&post=10202"},{"taxonomy":"product_tag","embeddable":true,"href":"https:\/\/promoalge.com.br\/index.php?rest_route=%2Fwp%2Fv2%2Fproduct_tag&post=10202"}],"curies":[{"name":"wp","href":"https:\/\/api.w.org\/{rel}","templated":true}]}}