{"id":10204,"date":"2025-05-27T14:24:03","date_gmt":"2025-05-27T17:24:03","guid":{"rendered":"https:\/\/promoalge.com.br\/?post_type=product&#038;p=10204"},"modified":"2025-07-03T13:49:32","modified_gmt":"2025-07-03T16:49:32","slug":"caderno-ecologico-com-caneta-pr-18936","status":"publish","type":"product","link":"https:\/\/promoalge.com.br\/?product=caderno-ecologico-com-caneta-pr-18936","title":{"rendered":"Caderno Ecol\u00f3gico com Caneta &#8211; PR 18936"},"content":{"rendered":"","protected":false},"excerpt":{"rendered":"<p>Descri\u00e7\u00e3o: Este caderno \u00e9 uma \u00f3tima op\u00e7\u00e3o para fazer anota\u00e7\u00f5es sem abrir m\u00e3o da sustentabilidade. Com capa produzida em papel\u00e3o com detalhe vazado que remete ao s\u00edmbolo da reciclagem, ele conta com encaderna\u00e7\u00e3o Wire-O e aproximadamente 70 folhas brancas pautadas, trazendo muitas possibilidades para realizar todos os tipos de anota\u00e7\u00f5es durante um dia em movimento. O caderno acompanha uma caneta esferogr\u00e1fica de carga azul de 1,0 mm com corpo em papel\u00e3o e clip, acionamento em clique e ponteira em pl\u00e1stico. A capa cont\u00e9m um el\u00e1stico para abrigar a caneta junto ao caderno.<\/p>\n<p>Largura :  10,5 cm<\/p>\n<p>Espessura :  1 cm<\/p>\n<p>Comprimento :  13 cm<\/p>\n<p>Quantidade m\u00ednima de 50 unidades.<\/p>\n","protected":false},"featured_media":10205,"template":"","meta":[],"product_brand":[],"product_cat":[409,321],"product_tag":[],"class_list":{"0":"post-10204","1":"product","2":"type-product","3":"status-publish","4":"has-post-thumbnail","6":"product_cat-escritorio","7":"product_cat-linha-ecologica","9":"first","10":"instock","11":"shipping-taxable","12":"product-type-simple"},"_links":{"self":[{"href":"https:\/\/promoalge.com.br\/index.php?rest_route=\/wp\/v2\/product\/10204","targetHints":{"allow":["GET"]}}],"collection":[{"href":"https:\/\/promoalge.com.br\/index.php?rest_route=\/wp\/v2\/product"}],"about":[{"href":"https:\/\/promoalge.com.br\/index.php?rest_route=\/wp\/v2\/types\/product"}],"wp:featuredmedia":[{"embeddable":true,"href":"https:\/\/promoalge.com.br\/index.php?rest_route=\/wp\/v2\/media\/10205"}],"wp:attachment":[{"href":"https:\/\/promoalge.com.br\/index.php?rest_route=%2Fwp%2Fv2%2Fmedia&parent=10204"}],"wp:term":[{"taxonomy":"product_brand","embeddable":true,"href":"https:\/\/promoalge.com.br\/index.php?rest_route=%2Fwp%2Fv2%2Fproduct_brand&post=10204"},{"taxonomy":"product_cat","embeddable":true,"href":"https:\/\/promoalge.com.br\/index.php?rest_route=%2Fwp%2Fv2%2Fproduct_cat&post=10204"},{"taxonomy":"product_tag","embeddable":true,"href":"https:\/\/promoalge.com.br\/index.php?rest_route=%2Fwp%2Fv2%2Fproduct_tag&post=10204"}],"curies":[{"name":"wp","href":"https:\/\/api.w.org\/{rel}","templated":true}]}}