{"id":10206,"date":"2025-05-27T14:29:59","date_gmt":"2025-05-27T17:29:59","guid":{"rendered":"https:\/\/promoalge.com.br\/?post_type=product&#038;p=10206"},"modified":"2025-07-03T13:49:53","modified_gmt":"2025-07-03T16:49:53","slug":"caderneta-em-pu-pr-18935","status":"publish","type":"product","link":"https:\/\/promoalge.com.br\/?product=caderneta-em-pu-pr-18935","title":{"rendered":"Caderneta em PU &#8211; PR 18935"},"content":{"rendered":"","protected":false},"excerpt":{"rendered":"<p>Descri\u00e7\u00e3o: Comece a organizar ideias, projetos ou mem\u00f3rias importantes com uma caderneta com capa feita em poliuretano estilizado em formato de bambu. Cont\u00e9m aproximadamente 80 folhas amareladas pautadas e mais duas folhas de guarda. Al\u00e9m disso, conta tamb\u00e9m com marcador de p\u00e1ginas de fita de cetim e el\u00e1stico para fechamento pr\u00e1tico.<\/p>\n<p>Largura :  14 cm<\/p>\n<p>Espessura :  1,5 cm<\/p>\n<p>Comprimento :  21 cm<\/p>\n<p>Quantidade m\u00ednima de 50 unidades.<\/p>\n","protected":false},"featured_media":10207,"template":"","meta":[],"product_brand":[],"product_cat":[409,321],"product_tag":[],"class_list":{"0":"post-10206","1":"product","2":"type-product","3":"status-publish","4":"has-post-thumbnail","6":"product_cat-escritorio","7":"product_cat-linha-ecologica","9":"first","10":"instock","11":"shipping-taxable","12":"product-type-simple"},"_links":{"self":[{"href":"https:\/\/promoalge.com.br\/index.php?rest_route=\/wp\/v2\/product\/10206","targetHints":{"allow":["GET"]}}],"collection":[{"href":"https:\/\/promoalge.com.br\/index.php?rest_route=\/wp\/v2\/product"}],"about":[{"href":"https:\/\/promoalge.com.br\/index.php?rest_route=\/wp\/v2\/types\/product"}],"wp:featuredmedia":[{"embeddable":true,"href":"https:\/\/promoalge.com.br\/index.php?rest_route=\/wp\/v2\/media\/10207"}],"wp:attachment":[{"href":"https:\/\/promoalge.com.br\/index.php?rest_route=%2Fwp%2Fv2%2Fmedia&parent=10206"}],"wp:term":[{"taxonomy":"product_brand","embeddable":true,"href":"https:\/\/promoalge.com.br\/index.php?rest_route=%2Fwp%2Fv2%2Fproduct_brand&post=10206"},{"taxonomy":"product_cat","embeddable":true,"href":"https:\/\/promoalge.com.br\/index.php?rest_route=%2Fwp%2Fv2%2Fproduct_cat&post=10206"},{"taxonomy":"product_tag","embeddable":true,"href":"https:\/\/promoalge.com.br\/index.php?rest_route=%2Fwp%2Fv2%2Fproduct_tag&post=10206"}],"curies":[{"name":"wp","href":"https:\/\/api.w.org\/{rel}","templated":true}]}}