{"id":10208,"date":"2025-05-27T14:36:23","date_gmt":"2025-05-27T17:36:23","guid":{"rendered":"https:\/\/promoalge.com.br\/?post_type=product&#038;p=10208"},"modified":"2025-05-27T14:36:23","modified_gmt":"2025-05-27T17:36:23","slug":"espelho-de-bolso-em-couro-sintetico-pr-18920","status":"publish","type":"product","link":"https:\/\/promoalge.com.br\/?product=espelho-de-bolso-em-couro-sintetico-pr-18920","title":{"rendered":"Espelho de Bolso em Couro Sint\u00e9tico &#8211; PR 18920"},"content":{"rendered":"","protected":false},"excerpt":{"rendered":"<p>Descri\u00e7\u00e3o: Leve este mini espelho para todo lugar. Com capa em couro sint\u00e9tico flex\u00edvel com leves ranhuras para ajustar em at\u00e9 tr\u00eas posi\u00e7\u00f5es diferentes, tornando-o um item pr\u00e1tico e compacto, totalmente sob medida para carregar na mala, bolsa ou mochila e ajudar na aplica\u00e7\u00e3o de maquiagem.<\/p>\n<p>Largura :  7cm<\/p>\n<p>Espessura :  1cm<\/p>\n<p>Quantidade m\u00ednima de 50 unidades.<\/p>\n","protected":false},"featured_media":10209,"template":"","meta":[],"product_brand":[],"product_cat":[413],"product_tag":[],"class_list":{"0":"post-10208","1":"product","2":"type-product","3":"status-publish","4":"has-post-thumbnail","6":"product_cat-linha-feminina","8":"first","9":"instock","10":"shipping-taxable","11":"product-type-simple"},"_links":{"self":[{"href":"https:\/\/promoalge.com.br\/index.php?rest_route=\/wp\/v2\/product\/10208","targetHints":{"allow":["GET"]}}],"collection":[{"href":"https:\/\/promoalge.com.br\/index.php?rest_route=\/wp\/v2\/product"}],"about":[{"href":"https:\/\/promoalge.com.br\/index.php?rest_route=\/wp\/v2\/types\/product"}],"wp:featuredmedia":[{"embeddable":true,"href":"https:\/\/promoalge.com.br\/index.php?rest_route=\/wp\/v2\/media\/10209"}],"wp:attachment":[{"href":"https:\/\/promoalge.com.br\/index.php?rest_route=%2Fwp%2Fv2%2Fmedia&parent=10208"}],"wp:term":[{"taxonomy":"product_brand","embeddable":true,"href":"https:\/\/promoalge.com.br\/index.php?rest_route=%2Fwp%2Fv2%2Fproduct_brand&post=10208"},{"taxonomy":"product_cat","embeddable":true,"href":"https:\/\/promoalge.com.br\/index.php?rest_route=%2Fwp%2Fv2%2Fproduct_cat&post=10208"},{"taxonomy":"product_tag","embeddable":true,"href":"https:\/\/promoalge.com.br\/index.php?rest_route=%2Fwp%2Fv2%2Fproduct_tag&post=10208"}],"curies":[{"name":"wp","href":"https:\/\/api.w.org\/{rel}","templated":true}]}}