{"id":10210,"date":"2025-05-27T14:39:23","date_gmt":"2025-05-27T17:39:23","guid":{"rendered":"https:\/\/promoalge.com.br\/?post_type=product&#038;p=10210"},"modified":"2025-08-07T17:21:05","modified_gmt":"2025-08-07T20:21:05","slug":"garrafa-termica-900ml-pr-18916a","status":"publish","type":"product","link":"https:\/\/promoalge.com.br\/?product=garrafa-termica-900ml-pr-18916a","title":{"rendered":"Garrafa T\u00e9rmica 900ml &#8211; PR 18916A"},"content":{"rendered":"","protected":false},"excerpt":{"rendered":"<p>Descri\u00e7\u00e3o: Uma garrafa t\u00e9rmica em a\u00e7o inox que \u00e9 uma excelente op\u00e7\u00e3o para manter l\u00edquidos quentes ou frios por mais tempo. Com capacidade de at\u00e9 900ml, a garrafa possui parede dupla e isolamento a v\u00e1cuo, o que ajuda a manter a temperatura conservada por um per\u00edodo maior e n\u00e3o permite que o calor ou frio entre em contato com as m\u00e3os ao segur\u00e1-la. Sua pintura eletrost\u00e1tica confere uma cor duradoura e um acabamento resistente e de alta qualidade. Al\u00e9m disso, sua tampa pl\u00e1stica rosque\u00e1vel possui bico flip e canudo interno remov\u00edvel de pl\u00e1stico.<\/p>\n<p>Altura :  25,2 cm<\/p>\n<p>Largura :  9 cm<\/p>\n<p>Circunfer\u00eancia :  28,5 cm<\/p>\n<p>Quantidade minima de 50 unidades<\/p>\n","protected":false},"featured_media":10211,"template":"","meta":[],"product_brand":[],"product_cat":[237],"product_tag":[],"class_list":{"0":"post-10210","1":"product","2":"type-product","3":"status-publish","4":"has-post-thumbnail","6":"product_cat-metalicas","8":"first","9":"instock","10":"shipping-taxable","11":"product-type-simple"},"_links":{"self":[{"href":"https:\/\/promoalge.com.br\/index.php?rest_route=\/wp\/v2\/product\/10210","targetHints":{"allow":["GET"]}}],"collection":[{"href":"https:\/\/promoalge.com.br\/index.php?rest_route=\/wp\/v2\/product"}],"about":[{"href":"https:\/\/promoalge.com.br\/index.php?rest_route=\/wp\/v2\/types\/product"}],"wp:featuredmedia":[{"embeddable":true,"href":"https:\/\/promoalge.com.br\/index.php?rest_route=\/wp\/v2\/media\/10211"}],"wp:attachment":[{"href":"https:\/\/promoalge.com.br\/index.php?rest_route=%2Fwp%2Fv2%2Fmedia&parent=10210"}],"wp:term":[{"taxonomy":"product_brand","embeddable":true,"href":"https:\/\/promoalge.com.br\/index.php?rest_route=%2Fwp%2Fv2%2Fproduct_brand&post=10210"},{"taxonomy":"product_cat","embeddable":true,"href":"https:\/\/promoalge.com.br\/index.php?rest_route=%2Fwp%2Fv2%2Fproduct_cat&post=10210"},{"taxonomy":"product_tag","embeddable":true,"href":"https:\/\/promoalge.com.br\/index.php?rest_route=%2Fwp%2Fv2%2Fproduct_tag&post=10210"}],"curies":[{"name":"wp","href":"https:\/\/api.w.org\/{rel}","templated":true}]}}