{"id":10218,"date":"2025-05-27T15:14:41","date_gmt":"2025-05-27T18:14:41","guid":{"rendered":"https:\/\/promoalge.com.br\/?post_type=product&#038;p=10218"},"modified":"2025-07-03T12:51:51","modified_gmt":"2025-07-03T15:51:51","slug":"bolsa-termica-5-litros-pr-09007","status":"publish","type":"product","link":"https:\/\/promoalge.com.br\/?product=bolsa-termica-5-litros-pr-09007","title":{"rendered":"Bolsa T\u00e9rmica 5 Litros &#8211; PR 09007"},"content":{"rendered":"","protected":false},"excerpt":{"rendered":"<p>Descri\u00e7\u00e3o: Carregue alimentos e bebidas em uma temperatura agrad\u00e1vel e fresca por mais tempo com esta bolsa t\u00e9rmica compacta. Com capacidade de at\u00e9 5 litros, feita em poli\u00e9ster resistente \u00e0 \u00e1gua e revestimento interno em PEVA at\u00f3xico, ela tem tudo o que \u00e9 preciso para garantir a prote\u00e7\u00e3o completa contra fatores internos ou externos. Al\u00e9m disso, seu design compacto a torna uma bolsa t\u00e9rmica sob medida para o transporte de marmitas, lanches e sobremesas no dia a dia.<\/p>\n<p>Altura :  12 cm<\/p>\n<p>Profundidade :  13cm<\/p>\n<p>Comprimento :  17 cm<\/p>\n<p>Quantidade m\u00ednima de 50 unidades.<\/p>\n","protected":false},"featured_media":10219,"template":"","meta":[],"product_brand":[],"product_cat":[79,414],"product_tag":[],"class_list":{"0":"post-10218","1":"product","2":"type-product","3":"status-publish","4":"has-post-thumbnail","6":"product_cat-bolsas-mochilas","7":"product_cat-praia-verao","9":"first","10":"instock","11":"shipping-taxable","12":"product-type-simple"},"_links":{"self":[{"href":"https:\/\/promoalge.com.br\/index.php?rest_route=\/wp\/v2\/product\/10218","targetHints":{"allow":["GET"]}}],"collection":[{"href":"https:\/\/promoalge.com.br\/index.php?rest_route=\/wp\/v2\/product"}],"about":[{"href":"https:\/\/promoalge.com.br\/index.php?rest_route=\/wp\/v2\/types\/product"}],"wp:featuredmedia":[{"embeddable":true,"href":"https:\/\/promoalge.com.br\/index.php?rest_route=\/wp\/v2\/media\/10219"}],"wp:attachment":[{"href":"https:\/\/promoalge.com.br\/index.php?rest_route=%2Fwp%2Fv2%2Fmedia&parent=10218"}],"wp:term":[{"taxonomy":"product_brand","embeddable":true,"href":"https:\/\/promoalge.com.br\/index.php?rest_route=%2Fwp%2Fv2%2Fproduct_brand&post=10218"},{"taxonomy":"product_cat","embeddable":true,"href":"https:\/\/promoalge.com.br\/index.php?rest_route=%2Fwp%2Fv2%2Fproduct_cat&post=10218"},{"taxonomy":"product_tag","embeddable":true,"href":"https:\/\/promoalge.com.br\/index.php?rest_route=%2Fwp%2Fv2%2Fproduct_tag&post=10218"}],"curies":[{"name":"wp","href":"https:\/\/api.w.org\/{rel}","templated":true}]}}