{"id":10224,"date":"2025-05-27T15:36:21","date_gmt":"2025-05-27T18:36:21","guid":{"rendered":"https:\/\/promoalge.com.br\/?post_type=product&#038;p=10224"},"modified":"2025-07-03T12:51:51","modified_gmt":"2025-07-03T15:51:51","slug":"bolsa-termica-15-litros-pr-08320","status":"publish","type":"product","link":"https:\/\/promoalge.com.br\/?product=bolsa-termica-15-litros-pr-08320","title":{"rendered":"Bolsa T\u00e9rmica 15 Litros &#8211; PR 08320"},"content":{"rendered":"","protected":false},"excerpt":{"rendered":"<p>Descri\u00e7\u00e3o: Carregue alimentos e bebidas muito bem conservadas e em uma temperatura agrad\u00e1vel com a nossa bolsa t\u00e9rmica de 15 litros. Feita em poli\u00e9ster resistente \u00e0 \u00e1gua e com revestimento interno em PEVA at\u00f3xico, mant\u00e9m tudo devidamente sob controle por dentro e por fora, sem o risco de vazamentos ou infiltra\u00e7\u00e3o de l\u00edquidos, tudo para o melhor aproveitamento poss\u00edvel de seu espa\u00e7o de divis\u00e3o \u00fanica. A bolsa t\u00e9rmica ainda conta com uma al\u00e7a transversal remov\u00edvel resistente, ideal para o transporte no dia a dia ou em ocasi\u00f5es especiais como piqueniques e outros tipos de eventos ao ar livre.<\/p>\n<p>Altura :  29 cm<\/p>\n<p>Profundidade :  23 cm<\/p>\n<p>Comprimento :  26 cm<\/p>\n<p>Quantidade m\u00ednima de 50 unidades.<\/p>\n","protected":false},"featured_media":10225,"template":"","meta":[],"product_brand":[],"product_cat":[79,414],"product_tag":[],"class_list":{"0":"post-10224","1":"product","2":"type-product","3":"status-publish","4":"has-post-thumbnail","6":"product_cat-bolsas-mochilas","7":"product_cat-praia-verao","9":"first","10":"instock","11":"shipping-taxable","12":"product-type-simple"},"_links":{"self":[{"href":"https:\/\/promoalge.com.br\/index.php?rest_route=\/wp\/v2\/product\/10224","targetHints":{"allow":["GET"]}}],"collection":[{"href":"https:\/\/promoalge.com.br\/index.php?rest_route=\/wp\/v2\/product"}],"about":[{"href":"https:\/\/promoalge.com.br\/index.php?rest_route=\/wp\/v2\/types\/product"}],"wp:featuredmedia":[{"embeddable":true,"href":"https:\/\/promoalge.com.br\/index.php?rest_route=\/wp\/v2\/media\/10225"}],"wp:attachment":[{"href":"https:\/\/promoalge.com.br\/index.php?rest_route=%2Fwp%2Fv2%2Fmedia&parent=10224"}],"wp:term":[{"taxonomy":"product_brand","embeddable":true,"href":"https:\/\/promoalge.com.br\/index.php?rest_route=%2Fwp%2Fv2%2Fproduct_brand&post=10224"},{"taxonomy":"product_cat","embeddable":true,"href":"https:\/\/promoalge.com.br\/index.php?rest_route=%2Fwp%2Fv2%2Fproduct_cat&post=10224"},{"taxonomy":"product_tag","embeddable":true,"href":"https:\/\/promoalge.com.br\/index.php?rest_route=%2Fwp%2Fv2%2Fproduct_tag&post=10224"}],"curies":[{"name":"wp","href":"https:\/\/api.w.org\/{rel}","templated":true}]}}