{"id":10234,"date":"2025-05-27T15:53:02","date_gmt":"2025-05-27T18:53:02","guid":{"rendered":"https:\/\/promoalge.com.br\/?post_type=product&#038;p=10234"},"modified":"2025-05-27T15:53:02","modified_gmt":"2025-05-27T18:53:02","slug":"kit-xicaras-de-vidro-6-pecas-pr-08295","status":"publish","type":"product","link":"https:\/\/promoalge.com.br\/?product=kit-xicaras-de-vidro-6-pecas-pr-08295","title":{"rendered":"Kit X\u00edcaras de Vidro 6 Pe\u00e7as &#8211; PR 08295"},"content":{"rendered":"","protected":false},"excerpt":{"rendered":"<p>Descri\u00e7\u00e3o: Um kit com seis x\u00edcaras em estilo cl\u00e1ssico para servir uma bebida quente de um jeito especial. Com capacidade m\u00e1xima de 100ml, cada uma delas \u00e9 feita em vidro borossilicato, mat\u00e9ria-prima conhecida por sua durabilidade e resist\u00eancia, o que as transformam em op\u00e7\u00f5es excelentes para tomar aquela dose de caf\u00e9 ou ch\u00e1 a qualquer hora do dia.<\/p>\n<p>Altura :  5 cm<\/p>\n<p>Largura :  7,8 cm<\/p>\n<p>Circunfer\u00eancia :  7,2 cm<\/p>\n<p>Quantidade m\u00ednima de 50 unidades.<\/p>\n","protected":false},"featured_media":10235,"template":"","meta":[],"product_brand":[],"product_cat":[418],"product_tag":[],"class_list":{"0":"post-10234","1":"product","2":"type-product","3":"status-publish","4":"has-post-thumbnail","6":"product_cat-porcelana-e-vidros","8":"first","9":"instock","10":"shipping-taxable","11":"product-type-simple"},"_links":{"self":[{"href":"https:\/\/promoalge.com.br\/index.php?rest_route=\/wp\/v2\/product\/10234","targetHints":{"allow":["GET"]}}],"collection":[{"href":"https:\/\/promoalge.com.br\/index.php?rest_route=\/wp\/v2\/product"}],"about":[{"href":"https:\/\/promoalge.com.br\/index.php?rest_route=\/wp\/v2\/types\/product"}],"wp:featuredmedia":[{"embeddable":true,"href":"https:\/\/promoalge.com.br\/index.php?rest_route=\/wp\/v2\/media\/10235"}],"wp:attachment":[{"href":"https:\/\/promoalge.com.br\/index.php?rest_route=%2Fwp%2Fv2%2Fmedia&parent=10234"}],"wp:term":[{"taxonomy":"product_brand","embeddable":true,"href":"https:\/\/promoalge.com.br\/index.php?rest_route=%2Fwp%2Fv2%2Fproduct_brand&post=10234"},{"taxonomy":"product_cat","embeddable":true,"href":"https:\/\/promoalge.com.br\/index.php?rest_route=%2Fwp%2Fv2%2Fproduct_cat&post=10234"},{"taxonomy":"product_tag","embeddable":true,"href":"https:\/\/promoalge.com.br\/index.php?rest_route=%2Fwp%2Fv2%2Fproduct_tag&post=10234"}],"curies":[{"name":"wp","href":"https:\/\/api.w.org\/{rel}","templated":true}]}}