{"id":10236,"date":"2025-05-27T16:09:20","date_gmt":"2025-05-27T19:09:20","guid":{"rendered":"https:\/\/promoalge.com.br\/?post_type=product&#038;p=10236"},"modified":"2025-05-27T16:09:20","modified_gmt":"2025-05-27T19:09:20","slug":"chaleira-vidro-borossilicato-18-litros-pr-08292","status":"publish","type":"product","link":"https:\/\/promoalge.com.br\/?product=chaleira-vidro-borossilicato-18-litros-pr-08292","title":{"rendered":"Chaleira Vidro Borossilicato 1,8 Litros &#8211; PR 08292"},"content":{"rendered":"","protected":false},"excerpt":{"rendered":"<p>Descri\u00e7\u00e3o: Uma chaleira de estilo cl\u00e1ssico inconfund\u00edvel e feita para transformar a hora do ch\u00e1 em uma experi\u00eancia ainda mais agrad\u00e1vel. Feita em vidro borossilicato e com capacidade m\u00e1xima de 1,8 litros, esta chaleira suporta varia\u00e7\u00f5es de temperatura, pode ser levada a fogo baixo, \u00e9 f\u00e1cil de limpar e n\u00e3o ret\u00e9m odores, sabores ou manchas, assegurando infus\u00f5es livres de poss\u00edveis altera\u00e7\u00f5es provocadas pelo recipiente de preparo. Sua tampa em bambu cont\u00e9m veda\u00e7\u00e3o em vidro para ajudar a conservar a temperatura quente dos l\u00edquidos por mais tempo. Al\u00e9m disso, a chaleira tamb\u00e9m acompanha filtro para bico em alum\u00ednio.<\/p>\n<p>Altura :  18,5 cm<\/p>\n<p>Largura :  21 cm<\/p>\n<p>Circunfer\u00eancia :  43,8 cm<\/p>\n<p>Quantidade minima de 50 unidades<\/p>\n","protected":false},"featured_media":10237,"template":"","meta":[],"product_brand":[],"product_cat":[418],"product_tag":[],"class_list":{"0":"post-10236","1":"product","2":"type-product","3":"status-publish","4":"has-post-thumbnail","6":"product_cat-porcelana-e-vidros","8":"first","9":"instock","10":"shipping-taxable","11":"product-type-simple"},"_links":{"self":[{"href":"https:\/\/promoalge.com.br\/index.php?rest_route=\/wp\/v2\/product\/10236","targetHints":{"allow":["GET"]}}],"collection":[{"href":"https:\/\/promoalge.com.br\/index.php?rest_route=\/wp\/v2\/product"}],"about":[{"href":"https:\/\/promoalge.com.br\/index.php?rest_route=\/wp\/v2\/types\/product"}],"wp:featuredmedia":[{"embeddable":true,"href":"https:\/\/promoalge.com.br\/index.php?rest_route=\/wp\/v2\/media\/10237"}],"wp:attachment":[{"href":"https:\/\/promoalge.com.br\/index.php?rest_route=%2Fwp%2Fv2%2Fmedia&parent=10236"}],"wp:term":[{"taxonomy":"product_brand","embeddable":true,"href":"https:\/\/promoalge.com.br\/index.php?rest_route=%2Fwp%2Fv2%2Fproduct_brand&post=10236"},{"taxonomy":"product_cat","embeddable":true,"href":"https:\/\/promoalge.com.br\/index.php?rest_route=%2Fwp%2Fv2%2Fproduct_cat&post=10236"},{"taxonomy":"product_tag","embeddable":true,"href":"https:\/\/promoalge.com.br\/index.php?rest_route=%2Fwp%2Fv2%2Fproduct_tag&post=10236"}],"curies":[{"name":"wp","href":"https:\/\/api.w.org\/{rel}","templated":true}]}}