{"id":10238,"date":"2025-05-27T16:20:50","date_gmt":"2025-05-27T19:20:50","guid":{"rendered":"https:\/\/promoalge.com.br\/?post_type=product&#038;p=10238"},"modified":"2025-08-07T17:20:50","modified_gmt":"2025-08-07T20:20:50","slug":"chaleira-vidro-1-litro-pr-08291","status":"publish","type":"product","link":"https:\/\/promoalge.com.br\/?product=chaleira-vidro-1-litro-pr-08291","title":{"rendered":"Chaleira Vidro 1 Litro &#8211; PR 08291"},"content":{"rendered":"","protected":false},"excerpt":{"rendered":"<p>Descri\u00e7\u00e3o: Uma chaleira em estilo cl\u00e1ssico e refinado, com capacidade m\u00e1xima de 1 litro, para deixar a hora do ch\u00e1 mais agrad\u00e1vel. Feita em vidro borossilicato, material conhecido por sua resist\u00eancia e durabilidade, esta chaleira pode ser levada a fogo baixo, suporta varia\u00e7\u00f5es de temperatura sem danificar, \u00e9 f\u00e1cil de limpar e n\u00e3o absorve odores, sabores ou manchas, mantendo a integridade do gosto e aroma de cada infus\u00e3o. Ela possui tampa em bambu com veda\u00e7\u00e3o em silicone para conservar a temperatura quente dos l\u00edquidos por mais tempo. Acompanha filtro para bico em alum\u00ednio.<\/p>\n<p>Altura :  13,5 cm<\/p>\n<p>Largura :  20,3 cm<\/p>\n<p>Circunfer\u00eancia :  44,2 cm<\/p>\n<p>Quantidade m\u00ednima de 50 unidades.<\/p>\n","protected":false},"featured_media":10239,"template":"","meta":[],"product_brand":[],"product_cat":[418],"product_tag":[],"class_list":{"0":"post-10238","1":"product","2":"type-product","3":"status-publish","4":"has-post-thumbnail","6":"product_cat-porcelana-e-vidros","8":"first","9":"instock","10":"shipping-taxable","11":"product-type-simple"},"_links":{"self":[{"href":"https:\/\/promoalge.com.br\/index.php?rest_route=\/wp\/v2\/product\/10238","targetHints":{"allow":["GET"]}}],"collection":[{"href":"https:\/\/promoalge.com.br\/index.php?rest_route=\/wp\/v2\/product"}],"about":[{"href":"https:\/\/promoalge.com.br\/index.php?rest_route=\/wp\/v2\/types\/product"}],"wp:featuredmedia":[{"embeddable":true,"href":"https:\/\/promoalge.com.br\/index.php?rest_route=\/wp\/v2\/media\/10239"}],"wp:attachment":[{"href":"https:\/\/promoalge.com.br\/index.php?rest_route=%2Fwp%2Fv2%2Fmedia&parent=10238"}],"wp:term":[{"taxonomy":"product_brand","embeddable":true,"href":"https:\/\/promoalge.com.br\/index.php?rest_route=%2Fwp%2Fv2%2Fproduct_brand&post=10238"},{"taxonomy":"product_cat","embeddable":true,"href":"https:\/\/promoalge.com.br\/index.php?rest_route=%2Fwp%2Fv2%2Fproduct_cat&post=10238"},{"taxonomy":"product_tag","embeddable":true,"href":"https:\/\/promoalge.com.br\/index.php?rest_route=%2Fwp%2Fv2%2Fproduct_tag&post=10238"}],"curies":[{"name":"wp","href":"https:\/\/api.w.org\/{rel}","templated":true}]}}