{"id":10240,"date":"2025-05-27T16:26:40","date_gmt":"2025-05-27T19:26:40","guid":{"rendered":"https:\/\/promoalge.com.br\/?post_type=product&#038;p=10240"},"modified":"2025-05-27T16:26:40","modified_gmt":"2025-05-27T19:26:40","slug":"porta-comprimidos-plastico-pr-08286","status":"publish","type":"product","link":"https:\/\/promoalge.com.br\/?product=porta-comprimidos-plastico-pr-08286","title":{"rendered":"Porta-Comprimidos Pl\u00e1stico &#8211; PR 08286"},"content":{"rendered":"","protected":false},"excerpt":{"rendered":"<p>Descri\u00e7\u00e3o: Um porta-comprimidos vers\u00e1til que pode ser um importante aliado para uma rotina de cuidados mais organizada. Feito em pl\u00e1stico, possui compartimento remov\u00edvel dividido em quatro divis\u00f3rias, o que o torna pr\u00e1tico para armazenar medicamentos e f\u00e1cil de limpar. Seu tamanho compacto permite lev\u00e1-lo com toda a comodidade dentro de bolsas, malas e mochilas, excelente para viagens.<\/p>\n<p>Largura :  6,5 cm<\/p>\n<p>Espessura :  3,7 cm<\/p>\n<p>Comprimento :  9,6 cm<\/p>\n<p>Quantidade m\u00ednima de 50 unidades.<\/p>\n","protected":false},"featured_media":10241,"template":"","meta":[],"product_brand":[],"product_cat":[353],"product_tag":[],"class_list":{"0":"post-10240","1":"product","2":"type-product","3":"status-publish","4":"has-post-thumbnail","6":"product_cat-diversos","8":"first","9":"instock","10":"shipping-taxable","11":"product-type-simple"},"_links":{"self":[{"href":"https:\/\/promoalge.com.br\/index.php?rest_route=\/wp\/v2\/product\/10240","targetHints":{"allow":["GET"]}}],"collection":[{"href":"https:\/\/promoalge.com.br\/index.php?rest_route=\/wp\/v2\/product"}],"about":[{"href":"https:\/\/promoalge.com.br\/index.php?rest_route=\/wp\/v2\/types\/product"}],"wp:featuredmedia":[{"embeddable":true,"href":"https:\/\/promoalge.com.br\/index.php?rest_route=\/wp\/v2\/media\/10241"}],"wp:attachment":[{"href":"https:\/\/promoalge.com.br\/index.php?rest_route=%2Fwp%2Fv2%2Fmedia&parent=10240"}],"wp:term":[{"taxonomy":"product_brand","embeddable":true,"href":"https:\/\/promoalge.com.br\/index.php?rest_route=%2Fwp%2Fv2%2Fproduct_brand&post=10240"},{"taxonomy":"product_cat","embeddable":true,"href":"https:\/\/promoalge.com.br\/index.php?rest_route=%2Fwp%2Fv2%2Fproduct_cat&post=10240"},{"taxonomy":"product_tag","embeddable":true,"href":"https:\/\/promoalge.com.br\/index.php?rest_route=%2Fwp%2Fv2%2Fproduct_tag&post=10240"}],"curies":[{"name":"wp","href":"https:\/\/api.w.org\/{rel}","templated":true}]}}