{"id":10242,"date":"2025-05-27T16:37:13","date_gmt":"2025-05-27T19:37:13","guid":{"rendered":"https:\/\/promoalge.com.br\/?post_type=product&#038;p=10242"},"modified":"2025-05-27T16:37:13","modified_gmt":"2025-05-27T19:37:13","slug":"porta-comprimidos-semanal-plastico-pr-08285","status":"publish","type":"product","link":"https:\/\/promoalge.com.br\/?product=porta-comprimidos-semanal-plastico-pr-08285","title":{"rendered":"Porta Comprimidos Semanal Pl\u00e1stico &#8211; PR 08285"},"content":{"rendered":"","protected":false},"excerpt":{"rendered":"<p>Descri\u00e7\u00e3o: Este porta comprimidos ideal para ajudar a organizar uma rotina de cuidados com a sa\u00fade. Feito em pl\u00e1stico, o porta comprimidos cont\u00e9m sete divis\u00f3rias com capacidade de at\u00e9 10 ml. cada compartimento \u00e9 marcada com o nome de um dia da semana abreviado, tudo para facilitar a separa\u00e7\u00e3o precisa de medicamentos para uso de forma cont\u00ednua. Al\u00e9m disso, acompanha uma corrente de bolinhas para encaixar no porta comprimidos e pendur\u00e1-lo em um chaveiro ou al\u00e7a.<\/p>\n<p>Largura :  3 cm<\/p>\n<p>Espessura :  2,3 cm<\/p>\n<p>Comprimento :  15 cm<\/p>\n<p>Quantidade m\u00ednima de 50 unidades.<\/p>\n","protected":false},"featured_media":10243,"template":"","meta":[],"product_brand":[],"product_cat":[353],"product_tag":[],"class_list":{"0":"post-10242","1":"product","2":"type-product","3":"status-publish","4":"has-post-thumbnail","6":"product_cat-diversos","8":"first","9":"instock","10":"shipping-taxable","11":"product-type-simple"},"_links":{"self":[{"href":"https:\/\/promoalge.com.br\/index.php?rest_route=\/wp\/v2\/product\/10242","targetHints":{"allow":["GET"]}}],"collection":[{"href":"https:\/\/promoalge.com.br\/index.php?rest_route=\/wp\/v2\/product"}],"about":[{"href":"https:\/\/promoalge.com.br\/index.php?rest_route=\/wp\/v2\/types\/product"}],"wp:featuredmedia":[{"embeddable":true,"href":"https:\/\/promoalge.com.br\/index.php?rest_route=\/wp\/v2\/media\/10243"}],"wp:attachment":[{"href":"https:\/\/promoalge.com.br\/index.php?rest_route=%2Fwp%2Fv2%2Fmedia&parent=10242"}],"wp:term":[{"taxonomy":"product_brand","embeddable":true,"href":"https:\/\/promoalge.com.br\/index.php?rest_route=%2Fwp%2Fv2%2Fproduct_brand&post=10242"},{"taxonomy":"product_cat","embeddable":true,"href":"https:\/\/promoalge.com.br\/index.php?rest_route=%2Fwp%2Fv2%2Fproduct_cat&post=10242"},{"taxonomy":"product_tag","embeddable":true,"href":"https:\/\/promoalge.com.br\/index.php?rest_route=%2Fwp%2Fv2%2Fproduct_tag&post=10242"}],"curies":[{"name":"wp","href":"https:\/\/api.w.org\/{rel}","templated":true}]}}