{"id":10244,"date":"2025-05-27T16:40:56","date_gmt":"2025-05-27T19:40:56","guid":{"rendered":"https:\/\/promoalge.com.br\/?post_type=product&#038;p=10244"},"modified":"2025-05-27T16:40:56","modified_gmt":"2025-05-27T19:40:56","slug":"porta-comprimidos-plastico-pr-08284","status":"publish","type":"product","link":"https:\/\/promoalge.com.br\/?product=porta-comprimidos-plastico-pr-08284","title":{"rendered":"Porta Comprimidos Pl\u00e1stico &#8211; PR 08284"},"content":{"rendered":"","protected":false},"excerpt":{"rendered":"<p>Descri\u00e7\u00e3o: Um porta comprimidos na medida certa para dar mais possibilidades de organiza\u00e7\u00e3o em uma rotina de cuidados. Feito pl\u00e1stico, possui ao todo seis compartimentos, sendo dois maiores com capacidade de at\u00e9 15 ml e outros quatro menores com 10 ml ao todo. Tudo isso garante mais op\u00e7\u00f5es de arranjos para armazenar comprimidos de maneira ordenada e eficiente.<\/p>\n<p>Espessura :  1,9 cm<\/p>\n<p>Comprimento :  9,5 cm<\/p>\n<p>Quantidade m\u00ednima de 50 unidades.<\/p>\n","protected":false},"featured_media":10245,"template":"","meta":[],"product_brand":[],"product_cat":[353],"product_tag":[],"class_list":{"0":"post-10244","1":"product","2":"type-product","3":"status-publish","4":"has-post-thumbnail","6":"product_cat-diversos","8":"first","9":"instock","10":"shipping-taxable","11":"product-type-simple"},"_links":{"self":[{"href":"https:\/\/promoalge.com.br\/index.php?rest_route=\/wp\/v2\/product\/10244","targetHints":{"allow":["GET"]}}],"collection":[{"href":"https:\/\/promoalge.com.br\/index.php?rest_route=\/wp\/v2\/product"}],"about":[{"href":"https:\/\/promoalge.com.br\/index.php?rest_route=\/wp\/v2\/types\/product"}],"wp:featuredmedia":[{"embeddable":true,"href":"https:\/\/promoalge.com.br\/index.php?rest_route=\/wp\/v2\/media\/10245"}],"wp:attachment":[{"href":"https:\/\/promoalge.com.br\/index.php?rest_route=%2Fwp%2Fv2%2Fmedia&parent=10244"}],"wp:term":[{"taxonomy":"product_brand","embeddable":true,"href":"https:\/\/promoalge.com.br\/index.php?rest_route=%2Fwp%2Fv2%2Fproduct_brand&post=10244"},{"taxonomy":"product_cat","embeddable":true,"href":"https:\/\/promoalge.com.br\/index.php?rest_route=%2Fwp%2Fv2%2Fproduct_cat&post=10244"},{"taxonomy":"product_tag","embeddable":true,"href":"https:\/\/promoalge.com.br\/index.php?rest_route=%2Fwp%2Fv2%2Fproduct_tag&post=10244"}],"curies":[{"name":"wp","href":"https:\/\/api.w.org\/{rel}","templated":true}]}}