{"id":10248,"date":"2025-05-27T16:44:44","date_gmt":"2025-05-27T19:44:44","guid":{"rendered":"https:\/\/promoalge.com.br\/?post_type=product&#038;p=10248"},"modified":"2025-05-27T16:44:45","modified_gmt":"2025-05-27T19:44:45","slug":"porta-comprimidos-plastico-pr-08283","status":"publish","type":"product","link":"https:\/\/promoalge.com.br\/?product=porta-comprimidos-plastico-pr-08283","title":{"rendered":"Porta-Comprimidos Pl\u00e1stico &#8211; PR 08283"},"content":{"rendered":"","protected":false},"excerpt":{"rendered":"<p>Descri\u00e7\u00e3o: Este porta-comprimidos \u00e9 uma excelente op\u00e7\u00e3o para deixar a rotina de cuidados com a sa\u00fade ainda mais pr\u00e1tica. Feito em pl\u00e1stico, possui sete divis\u00f3rias para organizar medicamentos de maneira eficiente e \u00e1gil. Com seu bot\u00e3o de acionamento, \u00e9 poss\u00edvel girar um compartimento a cada clique, permitindo o acesso \u00e0 medica\u00e7\u00e3o do dia, que pode ser retirada pela abertura lateral do porta-comprimidos. Seu tamanho compacto permite lev\u00e1-lo facilmente para viagens dentro de bolsas, mochilas ou malas.<\/p>\n<p>Largura :  9 cm<\/p>\n<p>Espessura :  2,6 cm<\/p>\n<p>Comprimento :  9 cm<\/p>\n<p>Quantidade m\u00ednima de 50 unidades.<\/p>\n","protected":false},"featured_media":10249,"template":"","meta":[],"product_brand":[],"product_cat":[353],"product_tag":[],"class_list":{"0":"post-10248","1":"product","2":"type-product","3":"status-publish","4":"has-post-thumbnail","6":"product_cat-diversos","8":"first","9":"instock","10":"shipping-taxable","11":"product-type-simple"},"_links":{"self":[{"href":"https:\/\/promoalge.com.br\/index.php?rest_route=\/wp\/v2\/product\/10248","targetHints":{"allow":["GET"]}}],"collection":[{"href":"https:\/\/promoalge.com.br\/index.php?rest_route=\/wp\/v2\/product"}],"about":[{"href":"https:\/\/promoalge.com.br\/index.php?rest_route=\/wp\/v2\/types\/product"}],"wp:featuredmedia":[{"embeddable":true,"href":"https:\/\/promoalge.com.br\/index.php?rest_route=\/wp\/v2\/media\/10249"}],"wp:attachment":[{"href":"https:\/\/promoalge.com.br\/index.php?rest_route=%2Fwp%2Fv2%2Fmedia&parent=10248"}],"wp:term":[{"taxonomy":"product_brand","embeddable":true,"href":"https:\/\/promoalge.com.br\/index.php?rest_route=%2Fwp%2Fv2%2Fproduct_brand&post=10248"},{"taxonomy":"product_cat","embeddable":true,"href":"https:\/\/promoalge.com.br\/index.php?rest_route=%2Fwp%2Fv2%2Fproduct_cat&post=10248"},{"taxonomy":"product_tag","embeddable":true,"href":"https:\/\/promoalge.com.br\/index.php?rest_route=%2Fwp%2Fv2%2Fproduct_tag&post=10248"}],"curies":[{"name":"wp","href":"https:\/\/api.w.org\/{rel}","templated":true}]}}