{"id":10250,"date":"2025-05-27T16:50:15","date_gmt":"2025-05-27T19:50:15","guid":{"rendered":"https:\/\/promoalge.com.br\/?post_type=product&#038;p=10250"},"modified":"2025-05-27T16:50:15","modified_gmt":"2025-05-27T19:50:15","slug":"porta-comprimidos-plastico-pr-08282","status":"publish","type":"product","link":"https:\/\/promoalge.com.br\/?product=porta-comprimidos-plastico-pr-08282","title":{"rendered":"Porta Comprimidos Pl\u00e1stico &#8211; PR 08282"},"content":{"rendered":"","protected":false},"excerpt":{"rendered":"<p>Descri\u00e7\u00e3o: Este porta comprimidos \u00e9 um aliado importante para uma rotina mais organizada e funcional. F\u00e1cil de limpar e transportar, o porta comprimidos \u00e9 feito em pl\u00e1stico obtido a partir da palha de trigo e com anel de veda\u00e7\u00e3o de bordas de silicone, oferece muitas possibilidades de organiza\u00e7\u00e3o com seus oito compartimentos com tampas remov\u00edveis, sendo dois com 30 ml de capacidade e outros seis menores com 10 ml, estes ideais para distribuir medicamentos em quantidades exatas. Acompanha uma palheta multiuso.<\/p>\n<p>Largura :  8,5 cm<\/p>\n<p>Espessura :  3,5 cm<\/p>\n<p>Comprimento :  11 cm<\/p>\n<p>Quantidade m\u00ednima de 50 unidades.<\/p>\n","protected":false},"featured_media":10251,"template":"","meta":[],"product_brand":[],"product_cat":[353],"product_tag":[],"class_list":{"0":"post-10250","1":"product","2":"type-product","3":"status-publish","4":"has-post-thumbnail","6":"product_cat-diversos","8":"first","9":"instock","10":"shipping-taxable","11":"product-type-simple"},"_links":{"self":[{"href":"https:\/\/promoalge.com.br\/index.php?rest_route=\/wp\/v2\/product\/10250","targetHints":{"allow":["GET"]}}],"collection":[{"href":"https:\/\/promoalge.com.br\/index.php?rest_route=\/wp\/v2\/product"}],"about":[{"href":"https:\/\/promoalge.com.br\/index.php?rest_route=\/wp\/v2\/types\/product"}],"wp:featuredmedia":[{"embeddable":true,"href":"https:\/\/promoalge.com.br\/index.php?rest_route=\/wp\/v2\/media\/10251"}],"wp:attachment":[{"href":"https:\/\/promoalge.com.br\/index.php?rest_route=%2Fwp%2Fv2%2Fmedia&parent=10250"}],"wp:term":[{"taxonomy":"product_brand","embeddable":true,"href":"https:\/\/promoalge.com.br\/index.php?rest_route=%2Fwp%2Fv2%2Fproduct_brand&post=10250"},{"taxonomy":"product_cat","embeddable":true,"href":"https:\/\/promoalge.com.br\/index.php?rest_route=%2Fwp%2Fv2%2Fproduct_cat&post=10250"},{"taxonomy":"product_tag","embeddable":true,"href":"https:\/\/promoalge.com.br\/index.php?rest_route=%2Fwp%2Fv2%2Fproduct_tag&post=10250"}],"curies":[{"name":"wp","href":"https:\/\/api.w.org\/{rel}","templated":true}]}}