{"id":10259,"date":"2025-05-29T15:52:03","date_gmt":"2025-05-29T18:52:03","guid":{"rendered":"https:\/\/promoalge.com.br\/?post_type=product&#038;p=10259"},"modified":"2025-05-29T15:52:03","modified_gmt":"2025-05-29T18:52:03","slug":"copo-fibra-de-trigo-450ml-pr3699","status":"publish","type":"product","link":"https:\/\/promoalge.com.br\/?product=copo-fibra-de-trigo-450ml-pr3699","title":{"rendered":"Copo Fibra de Trigo 450ml &#8211; PR3699"},"content":{"rendered":"","protected":false},"excerpt":{"rendered":"<p>Uma op\u00e7\u00e3o sustent\u00e1vel para desfrutar o caf\u00e9 ou ch\u00e1 de todo o dia com toda a leveza que o momento merece. O copo \u00e9 feito em pl\u00e1stico a partir da fibra de trigo, este copo possui capacidade m\u00e1xima de 450ml e tampa rosque\u00e1vel com bocal. Al\u00e9m disso, ele tamb\u00e9m \u00e9 livre de BPA, garantindo assim mais prote\u00e7\u00e3o para quem o utiliza e ao meio ambiente. Acompanha mexedor e manga antiderrapante.<\/p>\n<p>Altura :  14 cm \/ Largura :  9 cm \/ Circunfer\u00eancia :  25,5 cm<\/p>\n<p>Grava\u00e7\u00e3o serigrafia em 1 cor.<\/p>\n<p>* M\u00ednimo 100 unidades.<\/p>\n","protected":false},"featured_media":10260,"template":"","meta":[],"product_brand":[],"product_cat":[251,321],"product_tag":[],"class_list":{"0":"post-10259","1":"product","2":"type-product","3":"status-publish","4":"has-post-thumbnail","6":"product_cat-plastica-canecas-copos-garrafas","7":"product_cat-linha-ecologica","9":"first","10":"instock","11":"shipping-taxable","12":"product-type-simple"},"_links":{"self":[{"href":"https:\/\/promoalge.com.br\/index.php?rest_route=\/wp\/v2\/product\/10259","targetHints":{"allow":["GET"]}}],"collection":[{"href":"https:\/\/promoalge.com.br\/index.php?rest_route=\/wp\/v2\/product"}],"about":[{"href":"https:\/\/promoalge.com.br\/index.php?rest_route=\/wp\/v2\/types\/product"}],"wp:featuredmedia":[{"embeddable":true,"href":"https:\/\/promoalge.com.br\/index.php?rest_route=\/wp\/v2\/media\/10260"}],"wp:attachment":[{"href":"https:\/\/promoalge.com.br\/index.php?rest_route=%2Fwp%2Fv2%2Fmedia&parent=10259"}],"wp:term":[{"taxonomy":"product_brand","embeddable":true,"href":"https:\/\/promoalge.com.br\/index.php?rest_route=%2Fwp%2Fv2%2Fproduct_brand&post=10259"},{"taxonomy":"product_cat","embeddable":true,"href":"https:\/\/promoalge.com.br\/index.php?rest_route=%2Fwp%2Fv2%2Fproduct_cat&post=10259"},{"taxonomy":"product_tag","embeddable":true,"href":"https:\/\/promoalge.com.br\/index.php?rest_route=%2Fwp%2Fv2%2Fproduct_tag&post=10259"}],"curies":[{"name":"wp","href":"https:\/\/api.w.org\/{rel}","templated":true}]}}