{"id":10264,"date":"2025-06-18T16:32:31","date_gmt":"2025-06-18T19:32:31","guid":{"rendered":"https:\/\/promoalge.com.br\/?post_type=product&#038;p=10264"},"modified":"2025-06-18T16:32:31","modified_gmt":"2025-06-18T19:32:31","slug":"maquina-de-cortar-cabelo-recarregavel-pr1495","status":"publish","type":"product","link":"https:\/\/promoalge.com.br\/?product=maquina-de-cortar-cabelo-recarregavel-pr1495","title":{"rendered":"M\u00e1quina de Cortar Cabelo Recarreg\u00e1vel &#8211; PR1495"},"content":{"rendered":"","protected":false},"excerpt":{"rendered":"<p>M\u00e1quina de cortar cabelo recarreg\u00e1vel com l\u00e2minas em a\u00e7o inoxid\u00e1vel e corpo pl\u00e1stico. Acompanha 4 pentes pl\u00e1sticos (1.5mm, 2mm, 3mm e 4mm), escova de limpeza, \u00f3leo lubrificante e cabo USB-V8.<\/p>\n<p>Largura :  4 cm<\/p>\n<p>Espessura :  2,5 cm<\/p>\n<p>Comprimento :  15 cm<\/p>\n<p>Grava\u00e7\u00e3o serigrafia em 1 cor.<\/p>\n<p>*  M\u00ednimo 50 unidades<\/p>\n","protected":false},"featured_media":10265,"template":"","meta":[],"product_brand":[],"product_cat":[353],"product_tag":[],"class_list":{"0":"post-10264","1":"product","2":"type-product","3":"status-publish","4":"has-post-thumbnail","6":"product_cat-diversos","8":"first","9":"instock","10":"shipping-taxable","11":"product-type-simple"},"_links":{"self":[{"href":"https:\/\/promoalge.com.br\/index.php?rest_route=\/wp\/v2\/product\/10264","targetHints":{"allow":["GET"]}}],"collection":[{"href":"https:\/\/promoalge.com.br\/index.php?rest_route=\/wp\/v2\/product"}],"about":[{"href":"https:\/\/promoalge.com.br\/index.php?rest_route=\/wp\/v2\/types\/product"}],"wp:featuredmedia":[{"embeddable":true,"href":"https:\/\/promoalge.com.br\/index.php?rest_route=\/wp\/v2\/media\/10265"}],"wp:attachment":[{"href":"https:\/\/promoalge.com.br\/index.php?rest_route=%2Fwp%2Fv2%2Fmedia&parent=10264"}],"wp:term":[{"taxonomy":"product_brand","embeddable":true,"href":"https:\/\/promoalge.com.br\/index.php?rest_route=%2Fwp%2Fv2%2Fproduct_brand&post=10264"},{"taxonomy":"product_cat","embeddable":true,"href":"https:\/\/promoalge.com.br\/index.php?rest_route=%2Fwp%2Fv2%2Fproduct_cat&post=10264"},{"taxonomy":"product_tag","embeddable":true,"href":"https:\/\/promoalge.com.br\/index.php?rest_route=%2Fwp%2Fv2%2Fproduct_tag&post=10264"}],"curies":[{"name":"wp","href":"https:\/\/api.w.org\/{rel}","templated":true}]}}