{"id":10266,"date":"2025-06-26T13:37:47","date_gmt":"2025-06-26T16:37:47","guid":{"rendered":"https:\/\/promoalge.com.br\/?post_type=product&#038;p=10266"},"modified":"2025-07-03T12:51:51","modified_gmt":"2025-07-03T15:51:51","slug":"bolsa-termica-em-poliester-300d-pr-bt304","status":"publish","type":"product","link":"https:\/\/promoalge.com.br\/?product=bolsa-termica-em-poliester-300d-pr-bt304","title":{"rendered":"Bolsa T\u00e9rmica em Poli\u00e9ster 300D &#8211; PR BT304"},"content":{"rendered":"","protected":false},"excerpt":{"rendered":"<p>Bolsa t\u00e9rmica com capacidade para at\u00e9 10 litros, confeccionada em tecido poli\u00e9ster 300D de alta resist\u00eancia. Estrutura interna com compartimento t\u00e9rmico soldado. Conta com bolso frontal funcional para armazenamento de itens adicionais e dois compartimentos laterais, possui al\u00e7a de ombro com ajuste de comprimento.<\/p>\n<p>Quantidade m\u00ednima de 50 unidades.<\/p>\n","protected":false},"featured_media":10267,"template":"","meta":[],"product_brand":[],"product_cat":[79,414],"product_tag":[],"class_list":{"0":"post-10266","1":"product","2":"type-product","3":"status-publish","4":"has-post-thumbnail","6":"product_cat-bolsas-mochilas","7":"product_cat-praia-verao","9":"first","10":"instock","11":"shipping-taxable","12":"product-type-simple"},"_links":{"self":[{"href":"https:\/\/promoalge.com.br\/index.php?rest_route=\/wp\/v2\/product\/10266","targetHints":{"allow":["GET"]}}],"collection":[{"href":"https:\/\/promoalge.com.br\/index.php?rest_route=\/wp\/v2\/product"}],"about":[{"href":"https:\/\/promoalge.com.br\/index.php?rest_route=\/wp\/v2\/types\/product"}],"wp:featuredmedia":[{"embeddable":true,"href":"https:\/\/promoalge.com.br\/index.php?rest_route=\/wp\/v2\/media\/10267"}],"wp:attachment":[{"href":"https:\/\/promoalge.com.br\/index.php?rest_route=%2Fwp%2Fv2%2Fmedia&parent=10266"}],"wp:term":[{"taxonomy":"product_brand","embeddable":true,"href":"https:\/\/promoalge.com.br\/index.php?rest_route=%2Fwp%2Fv2%2Fproduct_brand&post=10266"},{"taxonomy":"product_cat","embeddable":true,"href":"https:\/\/promoalge.com.br\/index.php?rest_route=%2Fwp%2Fv2%2Fproduct_cat&post=10266"},{"taxonomy":"product_tag","embeddable":true,"href":"https:\/\/promoalge.com.br\/index.php?rest_route=%2Fwp%2Fv2%2Fproduct_tag&post=10266"}],"curies":[{"name":"wp","href":"https:\/\/api.w.org\/{rel}","templated":true}]}}