{"id":10272,"date":"2025-06-26T13:52:43","date_gmt":"2025-06-26T16:52:43","guid":{"rendered":"https:\/\/promoalge.com.br\/?post_type=product&#038;p=10272"},"modified":"2025-07-03T12:51:10","modified_gmt":"2025-07-03T15:51:10","slug":"bolsa-termica-em-pet-reciclado-pr-bt313","status":"publish","type":"product","link":"https:\/\/promoalge.com.br\/?product=bolsa-termica-em-pet-reciclado-pr-bt313","title":{"rendered":"Bolsa T\u00e9rmica em PET Reciclado &#8211; PR BT313"},"content":{"rendered":"","protected":false},"excerpt":{"rendered":"<p>Bolsa t\u00e9rmica em tecido PET Reciclado com 2 compartimentos t\u00e9rmicos costurados, bolso frontal e al\u00e7a de m\u00e3o.<\/p>\n<p>Quantidade m\u00ednima de 50 unidades.<\/p>\n","protected":false},"featured_media":10273,"template":"","meta":[],"product_brand":[],"product_cat":[79,321,414],"product_tag":[],"class_list":{"0":"post-10272","1":"product","2":"type-product","3":"status-publish","4":"has-post-thumbnail","6":"product_cat-bolsas-mochilas","7":"product_cat-linha-ecologica","8":"product_cat-praia-verao","10":"first","11":"instock","12":"shipping-taxable","13":"product-type-simple"},"_links":{"self":[{"href":"https:\/\/promoalge.com.br\/index.php?rest_route=\/wp\/v2\/product\/10272","targetHints":{"allow":["GET"]}}],"collection":[{"href":"https:\/\/promoalge.com.br\/index.php?rest_route=\/wp\/v2\/product"}],"about":[{"href":"https:\/\/promoalge.com.br\/index.php?rest_route=\/wp\/v2\/types\/product"}],"wp:featuredmedia":[{"embeddable":true,"href":"https:\/\/promoalge.com.br\/index.php?rest_route=\/wp\/v2\/media\/10273"}],"wp:attachment":[{"href":"https:\/\/promoalge.com.br\/index.php?rest_route=%2Fwp%2Fv2%2Fmedia&parent=10272"}],"wp:term":[{"taxonomy":"product_brand","embeddable":true,"href":"https:\/\/promoalge.com.br\/index.php?rest_route=%2Fwp%2Fv2%2Fproduct_brand&post=10272"},{"taxonomy":"product_cat","embeddable":true,"href":"https:\/\/promoalge.com.br\/index.php?rest_route=%2Fwp%2Fv2%2Fproduct_cat&post=10272"},{"taxonomy":"product_tag","embeddable":true,"href":"https:\/\/promoalge.com.br\/index.php?rest_route=%2Fwp%2Fv2%2Fproduct_tag&post=10272"}],"curies":[{"name":"wp","href":"https:\/\/api.w.org\/{rel}","templated":true}]}}