{"id":10280,"date":"2025-06-26T14:09:38","date_gmt":"2025-06-26T17:09:38","guid":{"rendered":"https:\/\/promoalge.com.br\/?post_type=product&#038;p=10280"},"modified":"2025-07-03T13:48:03","modified_gmt":"2025-07-03T16:48:03","slug":"bolsa-termica-em-poliester-600d-pr-bt310","status":"publish","type":"product","link":"https:\/\/promoalge.com.br\/?product=bolsa-termica-em-poliester-600d-pr-bt310","title":{"rendered":"Bolsa T\u00e9rmica em Poli\u00e9ster 600D &#8211; PR BT310"},"content":{"rendered":"","protected":false},"excerpt":{"rendered":"<p>Bolsa t\u00e9rmica em tecido poli\u00e9ster 600D, bolso frontal, al\u00e7a de m\u00e3o, al\u00e7a de ombro regul\u00e1vel com 2 compartimentos t\u00e9rmicos, com capacidade de at\u00e9 7 litros na parte superior (costurada) e 6 litros na parte inferior (soldada), interior parte superior em  Polietileno e parte inferior em PEVA.<\/p>\n<p>Quantidade m\u00ednima de 50 unidades.<\/p>\n","protected":false},"featured_media":10281,"template":"","meta":[],"product_brand":[],"product_cat":[79,414],"product_tag":[],"class_list":{"0":"post-10280","1":"product","2":"type-product","3":"status-publish","4":"has-post-thumbnail","6":"product_cat-bolsas-mochilas","7":"product_cat-praia-verao","9":"first","10":"instock","11":"shipping-taxable","12":"product-type-simple"},"_links":{"self":[{"href":"https:\/\/promoalge.com.br\/index.php?rest_route=\/wp\/v2\/product\/10280","targetHints":{"allow":["GET"]}}],"collection":[{"href":"https:\/\/promoalge.com.br\/index.php?rest_route=\/wp\/v2\/product"}],"about":[{"href":"https:\/\/promoalge.com.br\/index.php?rest_route=\/wp\/v2\/types\/product"}],"wp:featuredmedia":[{"embeddable":true,"href":"https:\/\/promoalge.com.br\/index.php?rest_route=\/wp\/v2\/media\/10281"}],"wp:attachment":[{"href":"https:\/\/promoalge.com.br\/index.php?rest_route=%2Fwp%2Fv2%2Fmedia&parent=10280"}],"wp:term":[{"taxonomy":"product_brand","embeddable":true,"href":"https:\/\/promoalge.com.br\/index.php?rest_route=%2Fwp%2Fv2%2Fproduct_brand&post=10280"},{"taxonomy":"product_cat","embeddable":true,"href":"https:\/\/promoalge.com.br\/index.php?rest_route=%2Fwp%2Fv2%2Fproduct_cat&post=10280"},{"taxonomy":"product_tag","embeddable":true,"href":"https:\/\/promoalge.com.br\/index.php?rest_route=%2Fwp%2Fv2%2Fproduct_tag&post=10280"}],"curies":[{"name":"wp","href":"https:\/\/api.w.org\/{rel}","templated":true}]}}