{"id":10366,"date":"2025-06-26T16:24:55","date_gmt":"2025-06-26T19:24:55","guid":{"rendered":"https:\/\/promoalge.com.br\/?post_type=product&#038;p=10366"},"modified":"2025-08-07T12:44:13","modified_gmt":"2025-08-07T15:44:13","slug":"necessaire-em-poliester-300d-pr-neru613","status":"publish","type":"product","link":"https:\/\/promoalge.com.br\/?product=necessaire-em-poliester-300d-pr-neru613","title":{"rendered":"N\u00e9cessaire em Poli\u00e9ster 300D &#8211; PR NERU613"},"content":{"rendered":"","protected":false},"excerpt":{"rendered":"<p>N\u00e9cessaire em tecido poli\u00e9ster 300D e interior em poli\u00e9ster 190T, com excelente espa\u00e7o interno, bolso frontal e no verso com suporte para pendurar.<\/p>\n<p>Quantidade minima de 50 unidades<\/p>\n","protected":false},"featured_media":10367,"template":"","meta":[],"product_brand":[],"product_cat":[416],"product_tag":[],"class_list":{"0":"post-10366","1":"product","2":"type-product","3":"status-publish","4":"has-post-thumbnail","6":"product_cat-necessaire","8":"first","9":"instock","10":"shipping-taxable","11":"product-type-simple"},"_links":{"self":[{"href":"https:\/\/promoalge.com.br\/index.php?rest_route=\/wp\/v2\/product\/10366","targetHints":{"allow":["GET"]}}],"collection":[{"href":"https:\/\/promoalge.com.br\/index.php?rest_route=\/wp\/v2\/product"}],"about":[{"href":"https:\/\/promoalge.com.br\/index.php?rest_route=\/wp\/v2\/types\/product"}],"wp:featuredmedia":[{"embeddable":true,"href":"https:\/\/promoalge.com.br\/index.php?rest_route=\/wp\/v2\/media\/10367"}],"wp:attachment":[{"href":"https:\/\/promoalge.com.br\/index.php?rest_route=%2Fwp%2Fv2%2Fmedia&parent=10366"}],"wp:term":[{"taxonomy":"product_brand","embeddable":true,"href":"https:\/\/promoalge.com.br\/index.php?rest_route=%2Fwp%2Fv2%2Fproduct_brand&post=10366"},{"taxonomy":"product_cat","embeddable":true,"href":"https:\/\/promoalge.com.br\/index.php?rest_route=%2Fwp%2Fv2%2Fproduct_cat&post=10366"},{"taxonomy":"product_tag","embeddable":true,"href":"https:\/\/promoalge.com.br\/index.php?rest_route=%2Fwp%2Fv2%2Fproduct_tag&post=10366"}],"curies":[{"name":"wp","href":"https:\/\/api.w.org\/{rel}","templated":true}]}}