{"id":10368,"date":"2025-06-26T16:31:11","date_gmt":"2025-06-26T19:31:11","guid":{"rendered":"https:\/\/promoalge.com.br\/?post_type=product&#038;p=10368"},"modified":"2025-08-07T12:44:21","modified_gmt":"2025-08-07T15:44:21","slug":"necessaire-em-pu-pr-ne200","status":"publish","type":"product","link":"https:\/\/promoalge.com.br\/?product=necessaire-em-pu-pr-ne200","title":{"rendered":"N\u00e9cessaire em PU &#8211; PR NE200"},"content":{"rendered":"","protected":false},"excerpt":{"rendered":"<p>N\u00e9cessaire em PU no tecido externo e forro sint\u00e9tico Bidim com pegador lateral. Grava\u00e7\u00e3o frontal na op\u00e7\u00f5es: serigrafia e plaquinha.<\/p>\n<p>Quantidade m\u00ednima de 50 unidades.<\/p>\n","protected":false},"featured_media":10369,"template":"","meta":[],"product_brand":[],"product_cat":[416],"product_tag":[],"class_list":{"0":"post-10368","1":"product","2":"type-product","3":"status-publish","4":"has-post-thumbnail","6":"product_cat-necessaire","8":"first","9":"instock","10":"shipping-taxable","11":"product-type-simple"},"_links":{"self":[{"href":"https:\/\/promoalge.com.br\/index.php?rest_route=\/wp\/v2\/product\/10368","targetHints":{"allow":["GET"]}}],"collection":[{"href":"https:\/\/promoalge.com.br\/index.php?rest_route=\/wp\/v2\/product"}],"about":[{"href":"https:\/\/promoalge.com.br\/index.php?rest_route=\/wp\/v2\/types\/product"}],"wp:featuredmedia":[{"embeddable":true,"href":"https:\/\/promoalge.com.br\/index.php?rest_route=\/wp\/v2\/media\/10369"}],"wp:attachment":[{"href":"https:\/\/promoalge.com.br\/index.php?rest_route=%2Fwp%2Fv2%2Fmedia&parent=10368"}],"wp:term":[{"taxonomy":"product_brand","embeddable":true,"href":"https:\/\/promoalge.com.br\/index.php?rest_route=%2Fwp%2Fv2%2Fproduct_brand&post=10368"},{"taxonomy":"product_cat","embeddable":true,"href":"https:\/\/promoalge.com.br\/index.php?rest_route=%2Fwp%2Fv2%2Fproduct_cat&post=10368"},{"taxonomy":"product_tag","embeddable":true,"href":"https:\/\/promoalge.com.br\/index.php?rest_route=%2Fwp%2Fv2%2Fproduct_tag&post=10368"}],"curies":[{"name":"wp","href":"https:\/\/api.w.org\/{rel}","templated":true}]}}