{"id":10374,"date":"2025-06-26T16:37:14","date_gmt":"2025-06-26T19:37:14","guid":{"rendered":"https:\/\/promoalge.com.br\/?post_type=product&#038;p=10374"},"modified":"2025-08-07T12:43:57","modified_gmt":"2025-08-07T15:43:57","slug":"canivete-com-bainha-cvbai","status":"publish","type":"product","link":"https:\/\/promoalge.com.br\/?product=canivete-com-bainha-cvbai","title":{"rendered":"Canivete com Bainha &#8211; CVBAI"},"content":{"rendered":"","protected":false},"excerpt":{"rendered":"<p>Canivete fabricado com l\u00e2mina de a\u00e7o inox 420, super afiada, e cabo de madeira. Acompanha bainha de couro leg\u00edtimo. L\u00e2mina 2,5mm.  Personaliza\u00e7\u00e3o atrav\u00e9s de grava\u00e7\u00e3o a laser.<\/p>\n<p>* M\u00ednimo 100 unidades.<\/p>\n","protected":false},"featured_media":10375,"template":"","meta":[],"product_brand":[],"product_cat":[353,411],"product_tag":[],"class_list":{"0":"post-10374","1":"product","2":"type-product","3":"status-publish","4":"has-post-thumbnail","6":"product_cat-diversos","7":"product_cat-ferramentas","9":"first","10":"instock","11":"shipping-taxable","12":"product-type-simple"},"_links":{"self":[{"href":"https:\/\/promoalge.com.br\/index.php?rest_route=\/wp\/v2\/product\/10374","targetHints":{"allow":["GET"]}}],"collection":[{"href":"https:\/\/promoalge.com.br\/index.php?rest_route=\/wp\/v2\/product"}],"about":[{"href":"https:\/\/promoalge.com.br\/index.php?rest_route=\/wp\/v2\/types\/product"}],"wp:featuredmedia":[{"embeddable":true,"href":"https:\/\/promoalge.com.br\/index.php?rest_route=\/wp\/v2\/media\/10375"}],"wp:attachment":[{"href":"https:\/\/promoalge.com.br\/index.php?rest_route=%2Fwp%2Fv2%2Fmedia&parent=10374"}],"wp:term":[{"taxonomy":"product_brand","embeddable":true,"href":"https:\/\/promoalge.com.br\/index.php?rest_route=%2Fwp%2Fv2%2Fproduct_brand&post=10374"},{"taxonomy":"product_cat","embeddable":true,"href":"https:\/\/promoalge.com.br\/index.php?rest_route=%2Fwp%2Fv2%2Fproduct_cat&post=10374"},{"taxonomy":"product_tag","embeddable":true,"href":"https:\/\/promoalge.com.br\/index.php?rest_route=%2Fwp%2Fv2%2Fproduct_tag&post=10374"}],"curies":[{"name":"wp","href":"https:\/\/api.w.org\/{rel}","templated":true}]}}