{"id":10461,"date":"2025-07-02T17:29:26","date_gmt":"2025-07-02T20:29:26","guid":{"rendered":"https:\/\/promoalge.com.br\/?post_type=product&#038;p=10461"},"modified":"2025-08-07T12:43:20","modified_gmt":"2025-08-07T15:43:20","slug":"kit-masculino-12-pecas-pr10124","status":"publish","type":"product","link":"https:\/\/promoalge.com.br\/?product=kit-masculino-12-pecas-pr10124","title":{"rendered":"Kit Masculino 12 Pe\u00e7as &#8211; PR10124"},"content":{"rendered":"","protected":false},"excerpt":{"rendered":"<p>Kit masculino 12 pe\u00e7as em estojo de couro sint\u00e9tico, parte interna revestida com pl\u00e1stico em relevo e el\u00e1stico para fixa\u00e7\u00e3o dos itens. Possui: removedor de pelos, abridor saca rolha, tesoura, aparelho de barbear, l\u00e2minas para barba(3 unidades), escova de dente, pente, cortador de cut\u00edcula, mini kit unha 3 em 1(empurrador de cut\u00edcula, lixa, limpador de unha), cortador de unha, pin\u00e7a e espelho duplo com aumento.<\/p>\n<p>Altura :  18,5 cm;<br \/>\nLargura :  14,3 cm<\/p>\n<p>Grava\u00e7\u00e3o serigrafia em 1 cor.<\/p>\n<p>* M\u00ednimo 50 unidades.<\/p>\n","protected":false},"featured_media":10463,"template":"","meta":[],"product_brand":[],"product_cat":[353],"product_tag":[],"class_list":{"0":"post-10461","1":"product","2":"type-product","3":"status-publish","4":"has-post-thumbnail","6":"product_cat-diversos","8":"first","9":"instock","10":"shipping-taxable","11":"product-type-simple"},"_links":{"self":[{"href":"https:\/\/promoalge.com.br\/index.php?rest_route=\/wp\/v2\/product\/10461","targetHints":{"allow":["GET"]}}],"collection":[{"href":"https:\/\/promoalge.com.br\/index.php?rest_route=\/wp\/v2\/product"}],"about":[{"href":"https:\/\/promoalge.com.br\/index.php?rest_route=\/wp\/v2\/types\/product"}],"wp:featuredmedia":[{"embeddable":true,"href":"https:\/\/promoalge.com.br\/index.php?rest_route=\/wp\/v2\/media\/10463"}],"wp:attachment":[{"href":"https:\/\/promoalge.com.br\/index.php?rest_route=%2Fwp%2Fv2%2Fmedia&parent=10461"}],"wp:term":[{"taxonomy":"product_brand","embeddable":true,"href":"https:\/\/promoalge.com.br\/index.php?rest_route=%2Fwp%2Fv2%2Fproduct_brand&post=10461"},{"taxonomy":"product_cat","embeddable":true,"href":"https:\/\/promoalge.com.br\/index.php?rest_route=%2Fwp%2Fv2%2Fproduct_cat&post=10461"},{"taxonomy":"product_tag","embeddable":true,"href":"https:\/\/promoalge.com.br\/index.php?rest_route=%2Fwp%2Fv2%2Fproduct_tag&post=10461"}],"curies":[{"name":"wp","href":"https:\/\/api.w.org\/{rel}","templated":true}]}}