{"id":10501,"date":"2025-07-08T16:17:28","date_gmt":"2025-07-08T19:17:28","guid":{"rendered":"https:\/\/promoalge.com.br\/?post_type=product&#038;p=10501"},"modified":"2025-08-07T12:43:10","modified_gmt":"2025-08-07T15:43:10","slug":"caderno-capa-em-bambu-c-caneta-pr-cad390","status":"publish","type":"product","link":"https:\/\/promoalge.com.br\/?product=caderno-capa-em-bambu-c-caneta-pr-cad390","title":{"rendered":"Caderno Capa em Bambu c\/ Caneta &#8211; PR CAD390"},"content":{"rendered":"","protected":false},"excerpt":{"rendered":"<p>1 Caderno de anota\u00e7\u00f5es 18&#215;13,5cm capa de bambu, com el\u00e1stico, suporte para canetas e miolo com 70 folhas pautadas na cor bege;<br \/>\n1 Caneta de bambu com partes em metal.<\/p>\n<p>70 folhas, 70g gramatura<\/p>\n<p>Quantidade m\u00ednima de 50 unidades.<\/p>\n","protected":false},"featured_media":10502,"template":"","meta":[],"product_brand":[],"product_cat":[409,321],"product_tag":[],"class_list":{"0":"post-10501","1":"product","2":"type-product","3":"status-publish","4":"has-post-thumbnail","6":"product_cat-escritorio","7":"product_cat-linha-ecologica","9":"first","10":"instock","11":"shipping-taxable","12":"product-type-simple"},"_links":{"self":[{"href":"https:\/\/promoalge.com.br\/index.php?rest_route=\/wp\/v2\/product\/10501","targetHints":{"allow":["GET"]}}],"collection":[{"href":"https:\/\/promoalge.com.br\/index.php?rest_route=\/wp\/v2\/product"}],"about":[{"href":"https:\/\/promoalge.com.br\/index.php?rest_route=\/wp\/v2\/types\/product"}],"wp:featuredmedia":[{"embeddable":true,"href":"https:\/\/promoalge.com.br\/index.php?rest_route=\/wp\/v2\/media\/10502"}],"wp:attachment":[{"href":"https:\/\/promoalge.com.br\/index.php?rest_route=%2Fwp%2Fv2%2Fmedia&parent=10501"}],"wp:term":[{"taxonomy":"product_brand","embeddable":true,"href":"https:\/\/promoalge.com.br\/index.php?rest_route=%2Fwp%2Fv2%2Fproduct_brand&post=10501"},{"taxonomy":"product_cat","embeddable":true,"href":"https:\/\/promoalge.com.br\/index.php?rest_route=%2Fwp%2Fv2%2Fproduct_cat&post=10501"},{"taxonomy":"product_tag","embeddable":true,"href":"https:\/\/promoalge.com.br\/index.php?rest_route=%2Fwp%2Fv2%2Fproduct_tag&post=10501"}],"curies":[{"name":"wp","href":"https:\/\/api.w.org\/{rel}","templated":true}]}}