{"id":10507,"date":"2025-07-08T16:47:11","date_gmt":"2025-07-08T19:47:11","guid":{"rendered":"https:\/\/promoalge.com.br\/?post_type=product&#038;p=10507"},"modified":"2025-07-08T16:47:11","modified_gmt":"2025-07-08T19:47:11","slug":"kit-escritorio-capa-em-rpet-e-caneta-metalica-pr-cad155","status":"publish","type":"product","link":"https:\/\/promoalge.com.br\/?product=kit-escritorio-capa-em-rpet-e-caneta-metalica-pr-cad155","title":{"rendered":"Kit Escrit\u00f3rio Capa em RPET e Caneta Metalica &#8211; PR CAD155"},"content":{"rendered":"","protected":false},"excerpt":{"rendered":"<p>Kit caderno de anota\u00e7\u00f5es e caneta.<\/p>\n<p>O kit acompanha caneta met\u00e1lica com detalhe em RPET recicl\u00e1vel.<\/p>\n<p>O caderno de anota\u00e7\u00f5es \u00e9 feito de PET Reciclado, acompanha placa em metal, em capa dura com miolo 80 folhas pautadas.<\/p>\n<p>Embalagem ber\u00e7o presente\u00e1vel.<\/p>\n<p>Quantidade minima de 50 unidades. <\/p>\n","protected":false},"featured_media":10508,"template":"","meta":[],"product_brand":[],"product_cat":[409],"product_tag":[],"class_list":{"0":"post-10507","1":"product","2":"type-product","3":"status-publish","4":"has-post-thumbnail","6":"product_cat-escritorio","8":"first","9":"instock","10":"shipping-taxable","11":"product-type-simple"},"_links":{"self":[{"href":"https:\/\/promoalge.com.br\/index.php?rest_route=\/wp\/v2\/product\/10507","targetHints":{"allow":["GET"]}}],"collection":[{"href":"https:\/\/promoalge.com.br\/index.php?rest_route=\/wp\/v2\/product"}],"about":[{"href":"https:\/\/promoalge.com.br\/index.php?rest_route=\/wp\/v2\/types\/product"}],"wp:featuredmedia":[{"embeddable":true,"href":"https:\/\/promoalge.com.br\/index.php?rest_route=\/wp\/v2\/media\/10508"}],"wp:attachment":[{"href":"https:\/\/promoalge.com.br\/index.php?rest_route=%2Fwp%2Fv2%2Fmedia&parent=10507"}],"wp:term":[{"taxonomy":"product_brand","embeddable":true,"href":"https:\/\/promoalge.com.br\/index.php?rest_route=%2Fwp%2Fv2%2Fproduct_brand&post=10507"},{"taxonomy":"product_cat","embeddable":true,"href":"https:\/\/promoalge.com.br\/index.php?rest_route=%2Fwp%2Fv2%2Fproduct_cat&post=10507"},{"taxonomy":"product_tag","embeddable":true,"href":"https:\/\/promoalge.com.br\/index.php?rest_route=%2Fwp%2Fv2%2Fproduct_tag&post=10507"}],"curies":[{"name":"wp","href":"https:\/\/api.w.org\/{rel}","templated":true}]}}