{"id":10509,"date":"2025-07-08T16:49:23","date_gmt":"2025-07-08T19:49:23","guid":{"rendered":"https:\/\/promoalge.com.br\/?post_type=product&#038;p=10509"},"modified":"2025-07-08T16:49:23","modified_gmt":"2025-07-08T19:49:23","slug":"kit-escritorio-pr-cad190","status":"publish","type":"product","link":"https:\/\/promoalge.com.br\/?product=kit-escritorio-pr-cad190","title":{"rendered":"Kit Escrit\u00f3rio &#8211; PR CAD190"},"content":{"rendered":"","protected":false},"excerpt":{"rendered":"<p>Caderno de anota\u00e7\u00f5es em ABS recicl\u00e1vel com aspiral e suporte para caneta. Com capa dura e textura que imita &#8221;pedra&#8221;, suas folhas s\u00e3o imperme\u00e1veis e resistentes a rasgos, miolo com 70 folhas pautadas na cor branca. Acompanha caneta pl\u00e1stica com textura imitando pedra.<\/p>\n<p>Quantidade m\u00ednima de 50 unidades.<\/p>\n","protected":false},"featured_media":10510,"template":"","meta":[],"product_brand":[],"product_cat":[409],"product_tag":[],"class_list":{"0":"post-10509","1":"product","2":"type-product","3":"status-publish","4":"has-post-thumbnail","6":"product_cat-escritorio","8":"first","9":"instock","10":"shipping-taxable","11":"product-type-simple"},"_links":{"self":[{"href":"https:\/\/promoalge.com.br\/index.php?rest_route=\/wp\/v2\/product\/10509","targetHints":{"allow":["GET"]}}],"collection":[{"href":"https:\/\/promoalge.com.br\/index.php?rest_route=\/wp\/v2\/product"}],"about":[{"href":"https:\/\/promoalge.com.br\/index.php?rest_route=\/wp\/v2\/types\/product"}],"wp:featuredmedia":[{"embeddable":true,"href":"https:\/\/promoalge.com.br\/index.php?rest_route=\/wp\/v2\/media\/10510"}],"wp:attachment":[{"href":"https:\/\/promoalge.com.br\/index.php?rest_route=%2Fwp%2Fv2%2Fmedia&parent=10509"}],"wp:term":[{"taxonomy":"product_brand","embeddable":true,"href":"https:\/\/promoalge.com.br\/index.php?rest_route=%2Fwp%2Fv2%2Fproduct_brand&post=10509"},{"taxonomy":"product_cat","embeddable":true,"href":"https:\/\/promoalge.com.br\/index.php?rest_route=%2Fwp%2Fv2%2Fproduct_cat&post=10509"},{"taxonomy":"product_tag","embeddable":true,"href":"https:\/\/promoalge.com.br\/index.php?rest_route=%2Fwp%2Fv2%2Fproduct_tag&post=10509"}],"curies":[{"name":"wp","href":"https:\/\/api.w.org\/{rel}","templated":true}]}}