{"id":10515,"date":"2025-07-10T14:09:39","date_gmt":"2025-07-10T17:09:39","guid":{"rendered":"https:\/\/promoalge.com.br\/?post_type=product&#038;p=10515"},"modified":"2025-08-13T12:25:06","modified_gmt":"2025-08-13T15:25:06","slug":"bloco-de-anotacoes-com-caneta-pr-bl024","status":"publish","type":"product","link":"https:\/\/promoalge.com.br\/?product=bloco-de-anotacoes-com-caneta-pr-bl024","title":{"rendered":"Bloco de anota\u00e7\u00f5es com Caneta &#8211; PR BL024"},"content":{"rendered":"","protected":false},"excerpt":{"rendered":"<p>Bloco de anota\u00e7\u00f5es c\/ Caneta (13x11cm)<br \/>\nBloco de anota\u00e7\u00f5es em papel\u00e3o reciclado com capa dura, miolo com 100 folhas, sticky notes e miolo sem pauta na cor branca.<\/p>\n<p>Acompanha caneta produzida em papel reciclado colorido com detalhes em pl\u00e1stico PLA biodegrad\u00e1vel.<\/p>\n<p>*A Caneta ser\u00e1 no tom do bloco \u2014 com exce\u00e7\u00e3o do preto, que pode vir com caneta azul ou vermelha.<\/p>\n<p>*Promo\u00e7\u00e3o do kit do bloco de anota\u00e7\u00f5es e a caneta com in\u00edcio na data: 21\/05\/2025<\/p>\n<p>Quantidade m\u00ednima de 50 unidades.<\/p>\n","protected":false},"featured_media":10516,"template":"","meta":[],"product_brand":[],"product_cat":[409,321],"product_tag":[],"class_list":{"0":"post-10515","1":"product","2":"type-product","3":"status-publish","4":"has-post-thumbnail","6":"product_cat-escritorio","7":"product_cat-linha-ecologica","9":"first","10":"instock","11":"shipping-taxable","12":"product-type-simple"},"_links":{"self":[{"href":"https:\/\/promoalge.com.br\/index.php?rest_route=\/wp\/v2\/product\/10515","targetHints":{"allow":["GET"]}}],"collection":[{"href":"https:\/\/promoalge.com.br\/index.php?rest_route=\/wp\/v2\/product"}],"about":[{"href":"https:\/\/promoalge.com.br\/index.php?rest_route=\/wp\/v2\/types\/product"}],"wp:featuredmedia":[{"embeddable":true,"href":"https:\/\/promoalge.com.br\/index.php?rest_route=\/wp\/v2\/media\/10516"}],"wp:attachment":[{"href":"https:\/\/promoalge.com.br\/index.php?rest_route=%2Fwp%2Fv2%2Fmedia&parent=10515"}],"wp:term":[{"taxonomy":"product_brand","embeddable":true,"href":"https:\/\/promoalge.com.br\/index.php?rest_route=%2Fwp%2Fv2%2Fproduct_brand&post=10515"},{"taxonomy":"product_cat","embeddable":true,"href":"https:\/\/promoalge.com.br\/index.php?rest_route=%2Fwp%2Fv2%2Fproduct_cat&post=10515"},{"taxonomy":"product_tag","embeddable":true,"href":"https:\/\/promoalge.com.br\/index.php?rest_route=%2Fwp%2Fv2%2Fproduct_tag&post=10515"}],"curies":[{"name":"wp","href":"https:\/\/api.w.org\/{rel}","templated":true}]}}