{"id":10525,"date":"2025-07-10T14:29:18","date_gmt":"2025-07-10T17:29:18","guid":{"rendered":"https:\/\/promoalge.com.br\/?post_type=product&#038;p=10525"},"modified":"2025-08-13T12:24:13","modified_gmt":"2025-08-13T15:24:13","slug":"mini-caderno-capa-em-pp-c-caneta-pr-bl029","status":"publish","type":"product","link":"https:\/\/promoalge.com.br\/?product=mini-caderno-capa-em-pp-c-caneta-pr-bl029","title":{"rendered":"Mini Caderno Capa em PP c\/ Caneta &#8211; PR BL029"},"content":{"rendered":"","protected":false},"excerpt":{"rendered":"<p>Kit escrit\u00f3rio, contendo:<\/p>\n<p>Bloco de anota\u00e7\u00f5es 14 x 9cm, Capa produzida com 30% de gr\u00e3os de caf\u00e9 e 70% de PP misto, com wire-o;<br \/>\nSuporte para canetas;<br \/>\nCaneta material pl\u00e1stico e caf\u00e9;<\/p>\n<p>60 folhas, 70g gramatura<\/p>\n<p>Quantidade m\u00ednima de 50 unidades.<\/p>\n","protected":false},"featured_media":10526,"template":"","meta":[],"product_brand":[],"product_cat":[409],"product_tag":[],"class_list":{"0":"post-10525","1":"product","2":"type-product","3":"status-publish","4":"has-post-thumbnail","6":"product_cat-escritorio","8":"first","9":"instock","10":"shipping-taxable","11":"product-type-simple"},"_links":{"self":[{"href":"https:\/\/promoalge.com.br\/index.php?rest_route=\/wp\/v2\/product\/10525","targetHints":{"allow":["GET"]}}],"collection":[{"href":"https:\/\/promoalge.com.br\/index.php?rest_route=\/wp\/v2\/product"}],"about":[{"href":"https:\/\/promoalge.com.br\/index.php?rest_route=\/wp\/v2\/types\/product"}],"wp:featuredmedia":[{"embeddable":true,"href":"https:\/\/promoalge.com.br\/index.php?rest_route=\/wp\/v2\/media\/10526"}],"wp:attachment":[{"href":"https:\/\/promoalge.com.br\/index.php?rest_route=%2Fwp%2Fv2%2Fmedia&parent=10525"}],"wp:term":[{"taxonomy":"product_brand","embeddable":true,"href":"https:\/\/promoalge.com.br\/index.php?rest_route=%2Fwp%2Fv2%2Fproduct_brand&post=10525"},{"taxonomy":"product_cat","embeddable":true,"href":"https:\/\/promoalge.com.br\/index.php?rest_route=%2Fwp%2Fv2%2Fproduct_cat&post=10525"},{"taxonomy":"product_tag","embeddable":true,"href":"https:\/\/promoalge.com.br\/index.php?rest_route=%2Fwp%2Fv2%2Fproduct_tag&post=10525"}],"curies":[{"name":"wp","href":"https:\/\/api.w.org\/{rel}","templated":true}]}}