{"id":10533,"date":"2025-07-10T15:12:28","date_gmt":"2025-07-10T18:12:28","guid":{"rendered":"https:\/\/promoalge.com.br\/?post_type=product&#038;p=10533"},"modified":"2025-10-23T17:24:33","modified_gmt":"2025-10-23T20:24:33","slug":"caderno-capa-em-papelao-reciclado-c-caneta-pr-cad012-2","status":"publish","type":"product","link":"https:\/\/promoalge.com.br\/?product=caderno-capa-em-papelao-reciclado-c-caneta-pr-cad012-2","title":{"rendered":"Caderno Capa em Papel\u00e3o Reciclado c\/ Caneta &#8211; PR CAD012"},"content":{"rendered":"","protected":false},"excerpt":{"rendered":"<p>Caderno de anota\u00e7\u00f5es em papel\u00e3o recicl\u00e1vel com suporte para caneta e miolo de 70 folhas pautadas e destac\u00e1veis.<\/p>\n<p>Acompanha caneta com corpo em papel recicl\u00e1vel com detalhe em pl\u00e1stico.<\/p>\n<p>No topo do caderno est\u00e1 escrito em espanhol a palavra Fecha (Data)<\/p>\n<p>Quantidade m\u00ednima de 50 unidades.<\/p>\n","protected":false},"featured_media":10534,"template":"","meta":[],"product_brand":[],"product_cat":[409],"product_tag":[],"class_list":{"0":"post-10533","1":"product","2":"type-product","3":"status-publish","4":"has-post-thumbnail","6":"product_cat-escritorio","8":"first","9":"instock","10":"shipping-taxable","11":"product-type-simple"},"_links":{"self":[{"href":"https:\/\/promoalge.com.br\/index.php?rest_route=\/wp\/v2\/product\/10533","targetHints":{"allow":["GET"]}}],"collection":[{"href":"https:\/\/promoalge.com.br\/index.php?rest_route=\/wp\/v2\/product"}],"about":[{"href":"https:\/\/promoalge.com.br\/index.php?rest_route=\/wp\/v2\/types\/product"}],"wp:featuredmedia":[{"embeddable":true,"href":"https:\/\/promoalge.com.br\/index.php?rest_route=\/wp\/v2\/media\/10534"}],"wp:attachment":[{"href":"https:\/\/promoalge.com.br\/index.php?rest_route=%2Fwp%2Fv2%2Fmedia&parent=10533"}],"wp:term":[{"taxonomy":"product_brand","embeddable":true,"href":"https:\/\/promoalge.com.br\/index.php?rest_route=%2Fwp%2Fv2%2Fproduct_brand&post=10533"},{"taxonomy":"product_cat","embeddable":true,"href":"https:\/\/promoalge.com.br\/index.php?rest_route=%2Fwp%2Fv2%2Fproduct_cat&post=10533"},{"taxonomy":"product_tag","embeddable":true,"href":"https:\/\/promoalge.com.br\/index.php?rest_route=%2Fwp%2Fv2%2Fproduct_tag&post=10533"}],"curies":[{"name":"wp","href":"https:\/\/api.w.org\/{rel}","templated":true}]}}