{"id":10535,"date":"2025-07-10T15:31:51","date_gmt":"2025-07-10T18:31:51","guid":{"rendered":"https:\/\/promoalge.com.br\/?post_type=product&#038;p=10535"},"modified":"2025-08-13T12:25:24","modified_gmt":"2025-08-13T15:25:24","slug":"caderno-capa-em-papel-kraft-com-caneta-pr-cad005","status":"publish","type":"product","link":"https:\/\/promoalge.com.br\/?product=caderno-capa-em-papel-kraft-com-caneta-pr-cad005","title":{"rendered":"Caderno capa em papel Kraft com caneta &#8211; PR CAD005"},"content":{"rendered":"","protected":false},"excerpt":{"rendered":"<p>Kit escrit\u00f3rio, contendo:<br \/>\n1 Caderno de anota\u00e7\u00f5es 21,5x14cm, capa em papel kraft com el\u00e1stico, suporte para caneta e miolo com 30 folhas.<br \/>\n1 Caneta corpo em papel reciclado com detalhe em pl\u00e1stico.<\/p>\n<p>Quantidade m\u00ednima de 50 unidades.<\/p>\n","protected":false},"featured_media":10536,"template":"","meta":[],"product_brand":[],"product_cat":[409],"product_tag":[],"class_list":{"0":"post-10535","1":"product","2":"type-product","3":"status-publish","4":"has-post-thumbnail","6":"product_cat-escritorio","8":"first","9":"instock","10":"shipping-taxable","11":"product-type-simple"},"_links":{"self":[{"href":"https:\/\/promoalge.com.br\/index.php?rest_route=\/wp\/v2\/product\/10535","targetHints":{"allow":["GET"]}}],"collection":[{"href":"https:\/\/promoalge.com.br\/index.php?rest_route=\/wp\/v2\/product"}],"about":[{"href":"https:\/\/promoalge.com.br\/index.php?rest_route=\/wp\/v2\/types\/product"}],"wp:featuredmedia":[{"embeddable":true,"href":"https:\/\/promoalge.com.br\/index.php?rest_route=\/wp\/v2\/media\/10536"}],"wp:attachment":[{"href":"https:\/\/promoalge.com.br\/index.php?rest_route=%2Fwp%2Fv2%2Fmedia&parent=10535"}],"wp:term":[{"taxonomy":"product_brand","embeddable":true,"href":"https:\/\/promoalge.com.br\/index.php?rest_route=%2Fwp%2Fv2%2Fproduct_brand&post=10535"},{"taxonomy":"product_cat","embeddable":true,"href":"https:\/\/promoalge.com.br\/index.php?rest_route=%2Fwp%2Fv2%2Fproduct_cat&post=10535"},{"taxonomy":"product_tag","embeddable":true,"href":"https:\/\/promoalge.com.br\/index.php?rest_route=%2Fwp%2Fv2%2Fproduct_tag&post=10535"}],"curies":[{"name":"wp","href":"https:\/\/api.w.org\/{rel}","templated":true}]}}