{"id":10541,"date":"2025-07-10T15:52:20","date_gmt":"2025-07-10T18:52:20","guid":{"rendered":"https:\/\/promoalge.com.br\/?post_type=product&#038;p=10541"},"modified":"2025-08-13T12:23:20","modified_gmt":"2025-08-13T15:23:20","slug":"caderno-capa-em-papel-kraft-pr-cad006","status":"publish","type":"product","link":"https:\/\/promoalge.com.br\/?product=caderno-capa-em-papel-kraft-pr-cad006","title":{"rendered":"Caderno Capa em Papel Kraft &#8211; PR CAD006"},"content":{"rendered":"","protected":false},"excerpt":{"rendered":"<p>Caderno de anota\u00e7\u00f5es 21cm x 14cm, capa em papel kraft com el\u00e1stico, contendo:<\/p>\n<p>R\u00e9gua destac\u00e1vel de 20cm;<br \/>\nMiolo de 70 folhas pautadas na cor bege<br \/>\n5 Sticky notes coloridos de 25 folhas;<br \/>\n1 Bloco de anota\u00e7\u00f5es 7,5cm x 7,5cm com 25 folhas;<\/p>\n<p>Quantidade m\u00ednima de 50 unidades.<\/p>\n","protected":false},"featured_media":10542,"template":"","meta":[],"product_brand":[],"product_cat":[409,321],"product_tag":[],"class_list":{"0":"post-10541","1":"product","2":"type-product","3":"status-publish","4":"has-post-thumbnail","6":"product_cat-escritorio","7":"product_cat-linha-ecologica","9":"first","10":"instock","11":"shipping-taxable","12":"product-type-simple"},"_links":{"self":[{"href":"https:\/\/promoalge.com.br\/index.php?rest_route=\/wp\/v2\/product\/10541","targetHints":{"allow":["GET"]}}],"collection":[{"href":"https:\/\/promoalge.com.br\/index.php?rest_route=\/wp\/v2\/product"}],"about":[{"href":"https:\/\/promoalge.com.br\/index.php?rest_route=\/wp\/v2\/types\/product"}],"wp:featuredmedia":[{"embeddable":true,"href":"https:\/\/promoalge.com.br\/index.php?rest_route=\/wp\/v2\/media\/10542"}],"wp:attachment":[{"href":"https:\/\/promoalge.com.br\/index.php?rest_route=%2Fwp%2Fv2%2Fmedia&parent=10541"}],"wp:term":[{"taxonomy":"product_brand","embeddable":true,"href":"https:\/\/promoalge.com.br\/index.php?rest_route=%2Fwp%2Fv2%2Fproduct_brand&post=10541"},{"taxonomy":"product_cat","embeddable":true,"href":"https:\/\/promoalge.com.br\/index.php?rest_route=%2Fwp%2Fv2%2Fproduct_cat&post=10541"},{"taxonomy":"product_tag","embeddable":true,"href":"https:\/\/promoalge.com.br\/index.php?rest_route=%2Fwp%2Fv2%2Fproduct_tag&post=10541"}],"curies":[{"name":"wp","href":"https:\/\/api.w.org\/{rel}","templated":true}]}}