{"id":10569,"date":"2025-07-15T13:04:35","date_gmt":"2025-07-15T16:04:35","guid":{"rendered":"https:\/\/promoalge.com.br\/?post_type=product&#038;p=10569"},"modified":"2025-07-15T13:04:35","modified_gmt":"2025-07-15T16:04:35","slug":"caderno-capa-em-rpet-e-detalhe-em-bambu-pr-cad140","status":"publish","type":"product","link":"https:\/\/promoalge.com.br\/?product=caderno-capa-em-rpet-e-detalhe-em-bambu-pr-cad140","title":{"rendered":"Caderno Capa em RPET e detalhe em Bambu &#8211; PR CAD140"},"content":{"rendered":"","protected":false},"excerpt":{"rendered":"<p>Caderno de anota\u00e7\u00f5es com suporte para caneta, fechamento com el\u00e1stico, capa dura em material recicl\u00e1vel, suporte para celular na capa e miolo com 80 folhas pautadas na cor bege. N\u00c3O ACOMPANHA CANETA.<\/p>\n<p>Quantidade m\u00ednima de 50 unidades.<\/p>\n","protected":false},"featured_media":10570,"template":"","meta":[],"product_brand":[],"product_cat":[409],"product_tag":[],"class_list":{"0":"post-10569","1":"product","2":"type-product","3":"status-publish","4":"has-post-thumbnail","6":"product_cat-escritorio","8":"first","9":"instock","10":"shipping-taxable","11":"product-type-simple"},"_links":{"self":[{"href":"https:\/\/promoalge.com.br\/index.php?rest_route=\/wp\/v2\/product\/10569","targetHints":{"allow":["GET"]}}],"collection":[{"href":"https:\/\/promoalge.com.br\/index.php?rest_route=\/wp\/v2\/product"}],"about":[{"href":"https:\/\/promoalge.com.br\/index.php?rest_route=\/wp\/v2\/types\/product"}],"wp:featuredmedia":[{"embeddable":true,"href":"https:\/\/promoalge.com.br\/index.php?rest_route=\/wp\/v2\/media\/10570"}],"wp:attachment":[{"href":"https:\/\/promoalge.com.br\/index.php?rest_route=%2Fwp%2Fv2%2Fmedia&parent=10569"}],"wp:term":[{"taxonomy":"product_brand","embeddable":true,"href":"https:\/\/promoalge.com.br\/index.php?rest_route=%2Fwp%2Fv2%2Fproduct_brand&post=10569"},{"taxonomy":"product_cat","embeddable":true,"href":"https:\/\/promoalge.com.br\/index.php?rest_route=%2Fwp%2Fv2%2Fproduct_cat&post=10569"},{"taxonomy":"product_tag","embeddable":true,"href":"https:\/\/promoalge.com.br\/index.php?rest_route=%2Fwp%2Fv2%2Fproduct_tag&post=10569"}],"curies":[{"name":"wp","href":"https:\/\/api.w.org\/{rel}","templated":true}]}}