{"id":10577,"date":"2025-07-15T14:58:37","date_gmt":"2025-07-15T17:58:37","guid":{"rendered":"https:\/\/promoalge.com.br\/?post_type=product&#038;p=10577"},"modified":"2025-07-15T14:58:37","modified_gmt":"2025-07-15T17:58:37","slug":"caderno-capa-em-rpet-e-detalhe-em-bambu-pr-cad145","status":"publish","type":"product","link":"https:\/\/promoalge.com.br\/?product=caderno-capa-em-rpet-e-detalhe-em-bambu-pr-cad145","title":{"rendered":"Caderno Capa em RPET e Detalhe em Bambu &#8211; PR CAD145"},"content":{"rendered":"","protected":false},"excerpt":{"rendered":"<p>Caderno de anota\u00e7\u00f5es, capa em tecido RPET e detalhe em bamb\u00fa com suporte para caneta na parte interna, miolo com 80 folhas pautadas.<\/p>\n<p>Quantidade m\u00ednima de 50 unidades.<\/p>\n","protected":false},"featured_media":10578,"template":"","meta":[],"product_brand":[],"product_cat":[409],"product_tag":[],"class_list":{"0":"post-10577","1":"product","2":"type-product","3":"status-publish","4":"has-post-thumbnail","6":"product_cat-escritorio","8":"first","9":"instock","10":"shipping-taxable","11":"product-type-simple"},"_links":{"self":[{"href":"https:\/\/promoalge.com.br\/index.php?rest_route=\/wp\/v2\/product\/10577","targetHints":{"allow":["GET"]}}],"collection":[{"href":"https:\/\/promoalge.com.br\/index.php?rest_route=\/wp\/v2\/product"}],"about":[{"href":"https:\/\/promoalge.com.br\/index.php?rest_route=\/wp\/v2\/types\/product"}],"wp:featuredmedia":[{"embeddable":true,"href":"https:\/\/promoalge.com.br\/index.php?rest_route=\/wp\/v2\/media\/10578"}],"wp:attachment":[{"href":"https:\/\/promoalge.com.br\/index.php?rest_route=%2Fwp%2Fv2%2Fmedia&parent=10577"}],"wp:term":[{"taxonomy":"product_brand","embeddable":true,"href":"https:\/\/promoalge.com.br\/index.php?rest_route=%2Fwp%2Fv2%2Fproduct_brand&post=10577"},{"taxonomy":"product_cat","embeddable":true,"href":"https:\/\/promoalge.com.br\/index.php?rest_route=%2Fwp%2Fv2%2Fproduct_cat&post=10577"},{"taxonomy":"product_tag","embeddable":true,"href":"https:\/\/promoalge.com.br\/index.php?rest_route=%2Fwp%2Fv2%2Fproduct_tag&post=10577"}],"curies":[{"name":"wp","href":"https:\/\/api.w.org\/{rel}","templated":true}]}}