{"id":10585,"date":"2025-07-17T13:50:25","date_gmt":"2025-07-17T16:50:25","guid":{"rendered":"https:\/\/promoalge.com.br\/?post_type=product&#038;p=10585"},"modified":"2025-07-17T13:50:25","modified_gmt":"2025-07-17T16:50:25","slug":"caderno-capa-em-caixa-de-leite-reciclado-pr-cad420","status":"publish","type":"product","link":"https:\/\/promoalge.com.br\/?product=caderno-capa-em-caixa-de-leite-reciclado-pr-cad420","title":{"rendered":"Caderno Capa em Caixa de Leite Reciclado &#8211; PR CAD420"},"content":{"rendered":"","protected":false},"excerpt":{"rendered":"<p>Caderno com tampa de fun\u00e7\u00e3o de suporte para smartphone. Produzido com caixa de leite, possui guarni\u00e7\u00f5es em bambu, porta canetas e el\u00e1stico branco com 80 folhas (g\/m2) pautadas na cor bege.<\/p>\n<p>Quantidade m\u00ednima de 50 unidades.<\/p>\n","protected":false},"featured_media":10586,"template":"","meta":[],"product_brand":[],"product_cat":[409],"product_tag":[],"class_list":{"0":"post-10585","1":"product","2":"type-product","3":"status-publish","4":"has-post-thumbnail","6":"product_cat-escritorio","8":"first","9":"instock","10":"shipping-taxable","11":"product-type-simple"},"_links":{"self":[{"href":"https:\/\/promoalge.com.br\/index.php?rest_route=\/wp\/v2\/product\/10585","targetHints":{"allow":["GET"]}}],"collection":[{"href":"https:\/\/promoalge.com.br\/index.php?rest_route=\/wp\/v2\/product"}],"about":[{"href":"https:\/\/promoalge.com.br\/index.php?rest_route=\/wp\/v2\/types\/product"}],"wp:featuredmedia":[{"embeddable":true,"href":"https:\/\/promoalge.com.br\/index.php?rest_route=\/wp\/v2\/media\/10586"}],"wp:attachment":[{"href":"https:\/\/promoalge.com.br\/index.php?rest_route=%2Fwp%2Fv2%2Fmedia&parent=10585"}],"wp:term":[{"taxonomy":"product_brand","embeddable":true,"href":"https:\/\/promoalge.com.br\/index.php?rest_route=%2Fwp%2Fv2%2Fproduct_brand&post=10585"},{"taxonomy":"product_cat","embeddable":true,"href":"https:\/\/promoalge.com.br\/index.php?rest_route=%2Fwp%2Fv2%2Fproduct_cat&post=10585"},{"taxonomy":"product_tag","embeddable":true,"href":"https:\/\/promoalge.com.br\/index.php?rest_route=%2Fwp%2Fv2%2Fproduct_tag&post=10585"}],"curies":[{"name":"wp","href":"https:\/\/api.w.org\/{rel}","templated":true}]}}