{"id":10593,"date":"2025-07-17T14:29:05","date_gmt":"2025-07-17T17:29:05","guid":{"rendered":"https:\/\/promoalge.com.br\/?post_type=product&#038;p=10593"},"modified":"2025-07-17T14:29:05","modified_gmt":"2025-07-17T17:29:05","slug":"caderno-capa-em-bambu-c-caneta-pr-cad380","status":"publish","type":"product","link":"https:\/\/promoalge.com.br\/?product=caderno-capa-em-bambu-c-caneta-pr-cad380","title":{"rendered":"Caderno Capa em Bambu c\/ Caneta &#8211; PR CAD380"},"content":{"rendered":"","protected":false},"excerpt":{"rendered":"<p>1 Caderno de anota\u00e7\u00f5es 14 x 9cm capa de bambu com el\u00e1stico, suporte para canetas e miolo com 60 folhas pautadas na cor bege.<br \/>\n1 Caneta de Bambu com detalhes em pl\u00e1stico.<\/p>\n<p>60 folhas, 70g gramatura<\/p>\n<p>Quantidade m\u00ednima de 50 unidades.<\/p>\n","protected":false},"featured_media":10594,"template":"","meta":[],"product_brand":[],"product_cat":[409],"product_tag":[],"class_list":{"0":"post-10593","1":"product","2":"type-product","3":"status-publish","4":"has-post-thumbnail","6":"product_cat-escritorio","8":"first","9":"instock","10":"shipping-taxable","11":"product-type-simple"},"_links":{"self":[{"href":"https:\/\/promoalge.com.br\/index.php?rest_route=\/wp\/v2\/product\/10593","targetHints":{"allow":["GET"]}}],"collection":[{"href":"https:\/\/promoalge.com.br\/index.php?rest_route=\/wp\/v2\/product"}],"about":[{"href":"https:\/\/promoalge.com.br\/index.php?rest_route=\/wp\/v2\/types\/product"}],"wp:featuredmedia":[{"embeddable":true,"href":"https:\/\/promoalge.com.br\/index.php?rest_route=\/wp\/v2\/media\/10594"}],"wp:attachment":[{"href":"https:\/\/promoalge.com.br\/index.php?rest_route=%2Fwp%2Fv2%2Fmedia&parent=10593"}],"wp:term":[{"taxonomy":"product_brand","embeddable":true,"href":"https:\/\/promoalge.com.br\/index.php?rest_route=%2Fwp%2Fv2%2Fproduct_brand&post=10593"},{"taxonomy":"product_cat","embeddable":true,"href":"https:\/\/promoalge.com.br\/index.php?rest_route=%2Fwp%2Fv2%2Fproduct_cat&post=10593"},{"taxonomy":"product_tag","embeddable":true,"href":"https:\/\/promoalge.com.br\/index.php?rest_route=%2Fwp%2Fv2%2Fproduct_tag&post=10593"}],"curies":[{"name":"wp","href":"https:\/\/api.w.org\/{rel}","templated":true}]}}