{"id":10600,"date":"2025-07-17T14:59:13","date_gmt":"2025-07-17T17:59:13","guid":{"rendered":"https:\/\/promoalge.com.br\/?post_type=product&#038;p=10600"},"modified":"2025-07-17T14:59:13","modified_gmt":"2025-07-17T17:59:13","slug":"caderno-capa-em-bambu-pr-cad200","status":"publish","type":"product","link":"https:\/\/promoalge.com.br\/?product=caderno-capa-em-bambu-pr-cad200","title":{"rendered":"Caderno Capa em Bambu &#8211; PR CAD200"},"content":{"rendered":"","protected":false},"excerpt":{"rendered":"<p>Caderno de anota\u00e7\u00f5es com el\u00e1stico e suporte para caneta, capa dura com 3mm em material recicl\u00e1vel imitando bambu , miolo com 96 folhas pautadas na cor branca. N\u00e3o acompanha caneta.<\/p>\n<p>Quantidade m\u00ednima de 50 unidades.<\/p>\n","protected":false},"featured_media":10601,"template":"","meta":[],"product_brand":[],"product_cat":[409],"product_tag":[],"class_list":{"0":"post-10600","1":"product","2":"type-product","3":"status-publish","4":"has-post-thumbnail","6":"product_cat-escritorio","8":"first","9":"instock","10":"shipping-taxable","11":"product-type-simple"},"_links":{"self":[{"href":"https:\/\/promoalge.com.br\/index.php?rest_route=\/wp\/v2\/product\/10600","targetHints":{"allow":["GET"]}}],"collection":[{"href":"https:\/\/promoalge.com.br\/index.php?rest_route=\/wp\/v2\/product"}],"about":[{"href":"https:\/\/promoalge.com.br\/index.php?rest_route=\/wp\/v2\/types\/product"}],"wp:featuredmedia":[{"embeddable":true,"href":"https:\/\/promoalge.com.br\/index.php?rest_route=\/wp\/v2\/media\/10601"}],"wp:attachment":[{"href":"https:\/\/promoalge.com.br\/index.php?rest_route=%2Fwp%2Fv2%2Fmedia&parent=10600"}],"wp:term":[{"taxonomy":"product_brand","embeddable":true,"href":"https:\/\/promoalge.com.br\/index.php?rest_route=%2Fwp%2Fv2%2Fproduct_brand&post=10600"},{"taxonomy":"product_cat","embeddable":true,"href":"https:\/\/promoalge.com.br\/index.php?rest_route=%2Fwp%2Fv2%2Fproduct_cat&post=10600"},{"taxonomy":"product_tag","embeddable":true,"href":"https:\/\/promoalge.com.br\/index.php?rest_route=%2Fwp%2Fv2%2Fproduct_tag&post=10600"}],"curies":[{"name":"wp","href":"https:\/\/api.w.org\/{rel}","templated":true}]}}