{"id":1070,"date":"2018-07-17T15:11:10","date_gmt":"2018-07-17T18:11:10","guid":{"rendered":"http:\/\/promoalge.com.br\/?post_type=product&#038;p=1070"},"modified":"2019-04-05T12:12:23","modified_gmt":"2019-04-05T15:12:23","slug":"squeeze-plastica-700-ml-prga2000","status":"publish","type":"product","link":"https:\/\/promoalge.com.br\/?product=squeeze-plastica-700-ml-prga2000","title":{"rendered":"Squeeze Pl\u00e1stica com Infusor 700 ml &#8211; PRGA2000"},"content":{"rendered":"","protected":false},"excerpt":{"rendered":"<p>Squeeze pl\u00e1stico 700ml com infusor. Tampa rosque\u00e1vel colorida com al\u00e7a acoplada na tampa, possui uma esp\u00e9cie de fivela para lacre(basta levantar\/abaixar para abrir\/fechar o bico). Possui um infusor(rosque\u00e1vel)colorido na parte interna. medidas: 25 x 7 cm. Grava\u00e7\u00e3o serigrafia em 1 cor.<\/p>\n","protected":false},"featured_media":1077,"template":"","meta":[],"product_brand":[],"product_cat":[251],"product_tag":[],"class_list":{"0":"post-1070","1":"product","2":"type-product","3":"status-publish","4":"has-post-thumbnail","6":"product_cat-plastica-canecas-copos-garrafas","8":"first","9":"instock","10":"shipping-taxable","11":"product-type-simple"},"_links":{"self":[{"href":"https:\/\/promoalge.com.br\/index.php?rest_route=\/wp\/v2\/product\/1070","targetHints":{"allow":["GET"]}}],"collection":[{"href":"https:\/\/promoalge.com.br\/index.php?rest_route=\/wp\/v2\/product"}],"about":[{"href":"https:\/\/promoalge.com.br\/index.php?rest_route=\/wp\/v2\/types\/product"}],"wp:featuredmedia":[{"embeddable":true,"href":"https:\/\/promoalge.com.br\/index.php?rest_route=\/wp\/v2\/media\/1077"}],"wp:attachment":[{"href":"https:\/\/promoalge.com.br\/index.php?rest_route=%2Fwp%2Fv2%2Fmedia&parent=1070"}],"wp:term":[{"taxonomy":"product_brand","embeddable":true,"href":"https:\/\/promoalge.com.br\/index.php?rest_route=%2Fwp%2Fv2%2Fproduct_brand&post=1070"},{"taxonomy":"product_cat","embeddable":true,"href":"https:\/\/promoalge.com.br\/index.php?rest_route=%2Fwp%2Fv2%2Fproduct_cat&post=1070"},{"taxonomy":"product_tag","embeddable":true,"href":"https:\/\/promoalge.com.br\/index.php?rest_route=%2Fwp%2Fv2%2Fproduct_tag&post=1070"}],"curies":[{"name":"wp","href":"https:\/\/api.w.org\/{rel}","templated":true}]}}